{"id":21259867,"date":"2024-02-05T01:07:05","date_gmt":"2024-02-05T01:07:05","guid":{"rendered":"https:\/\/foodservice.exceldorcooperative.com\/turkey\/product\/roti-blanc-et-fonce-saha-halal-surgele-et-desosse\/"},"modified":"2024-04-10T18:44:09","modified_gmt":"2024-04-10T18:44:09","slug":"roti-de-dindon-viande-blanche-et-brune","status":"publish","type":"product","link":"https:\/\/foodservice.exceldorcooperative.com\/turkey\/fr\/produit\/roti-de-dindon-viande-blanche-et-brune\/","title":{"rendered":"R\u00f4ti de dindon d\u00e9soss\u00e9, viande blanche et brune"},"content":{"rendered":"","protected":false},"featured_media":21260836,"template":"","carousel":[],"brand":[167],"benefit":[109],"product-type":[177],"class_list":["post-21259867","product","type-product","status-publish","has-post-thumbnail","hentry","brand-saha-halal-fr","benefit-halal-fr","product-type-dindon-halal"],"acf":[],"_links":{"self":[{"href":"https:\/\/foodservice.exceldorcooperative.com\/turkey\/fr\/wp-json\/wp\/v2\/product\/21259867","targetHints":{"allow":["GET"]}}],"collection":[{"href":"https:\/\/foodservice.exceldorcooperative.com\/turkey\/fr\/wp-json\/wp\/v2\/product"}],"about":[{"href":"https:\/\/foodservice.exceldorcooperative.com\/turkey\/fr\/wp-json\/wp\/v2\/types\/product"}],"version-history":[{"count":0,"href":"https:\/\/foodservice.exceldorcooperative.com\/turkey\/fr\/wp-json\/wp\/v2\/product\/21259867\/revisions"}],"wp:featuredmedia":[{"embeddable":true,"href":"https:\/\/foodservice.exceldorcooperative.com\/turkey\/fr\/wp-json\/wp\/v2\/media\/21260836"}],"wp:attachment":[{"href":"https:\/\/foodservice.exceldorcooperative.com\/turkey\/fr\/wp-json\/wp\/v2\/media?parent=21259867"}],"wp:term":[{"taxonomy":"carousel","embeddable":true,"href":"https:\/\/foodservice.exceldorcooperative.com\/turkey\/fr\/wp-json\/wp\/v2\/carousel?post=21259867"},{"taxonomy":"brand","embeddable":true,"href":"https:\/\/foodservice.exceldorcooperative.com\/turkey\/fr\/wp-json\/wp\/v2\/brand?post=21259867"},{"taxonomy":"benefit","embeddable":true,"href":"https:\/\/foodservice.exceldorcooperative.com\/turkey\/fr\/wp-json\/wp\/v2\/benefit?post=21259867"},{"taxonomy":"product-type","embeddable":true,"href":"https:\/\/foodservice.exceldorcooperative.com\/turkey\/fr\/wp-json\/wp\/v2\/product-type?post=21259867"}],"curies":[{"name":"wp","href":"https:\/\/api.w.org\/{rel}","templated":true}]}}