{"id":21259854,"date":"2023-08-08T01:40:00","date_gmt":"2023-08-08T01:40:00","guid":{"rendered":"https:\/\/foodservice.exceldorcooperative.com\/turkey\/product\/ronds-de-saucisse-de-dinde-readyfoods\/"},"modified":"2024-04-10T18:21:47","modified_gmt":"2024-04-10T18:21:47","slug":"rondelles-de-dindon-haches-entierement-cuites-et-assaisonnees","status":"publish","type":"product","link":"https:\/\/foodservice.exceldorcooperative.com\/turkey\/fr\/produit\/rondelles-de-dindon-haches-entierement-cuites-et-assaisonnees\/","title":{"rendered":"Rondelles de dindon hach\u00e9 enti\u00e8rement cuites assaisonn\u00e9es"},"content":{"rendered":"","protected":false},"featured_media":21258265,"template":"","carousel":[],"brand":[106],"benefit":[108,109,110],"product-type":[115],"class_list":["post-21259854","product","type-product","status-publish","has-post-thumbnail","hentry","brand-readyfoods-fr","benefit-fully-cooked-fr","benefit-halal-fr","benefit-gluten-free-fr","product-type-processed-meat-fr"],"acf":[],"_links":{"self":[{"href":"https:\/\/foodservice.exceldorcooperative.com\/turkey\/fr\/wp-json\/wp\/v2\/product\/21259854","targetHints":{"allow":["GET"]}}],"collection":[{"href":"https:\/\/foodservice.exceldorcooperative.com\/turkey\/fr\/wp-json\/wp\/v2\/product"}],"about":[{"href":"https:\/\/foodservice.exceldorcooperative.com\/turkey\/fr\/wp-json\/wp\/v2\/types\/product"}],"version-history":[{"count":0,"href":"https:\/\/foodservice.exceldorcooperative.com\/turkey\/fr\/wp-json\/wp\/v2\/product\/21259854\/revisions"}],"wp:featuredmedia":[{"embeddable":true,"href":"https:\/\/foodservice.exceldorcooperative.com\/turkey\/fr\/wp-json\/wp\/v2\/media\/21258265"}],"wp:attachment":[{"href":"https:\/\/foodservice.exceldorcooperative.com\/turkey\/fr\/wp-json\/wp\/v2\/media?parent=21259854"}],"wp:term":[{"taxonomy":"carousel","embeddable":true,"href":"https:\/\/foodservice.exceldorcooperative.com\/turkey\/fr\/wp-json\/wp\/v2\/carousel?post=21259854"},{"taxonomy":"brand","embeddable":true,"href":"https:\/\/foodservice.exceldorcooperative.com\/turkey\/fr\/wp-json\/wp\/v2\/brand?post=21259854"},{"taxonomy":"benefit","embeddable":true,"href":"https:\/\/foodservice.exceldorcooperative.com\/turkey\/fr\/wp-json\/wp\/v2\/benefit?post=21259854"},{"taxonomy":"product-type","embeddable":true,"href":"https:\/\/foodservice.exceldorcooperative.com\/turkey\/fr\/wp-json\/wp\/v2\/product-type?post=21259854"}],"curies":[{"name":"wp","href":"https:\/\/api.w.org\/{rel}","templated":true}]}}