{"id":21259852,"date":"2023-08-08T01:27:11","date_gmt":"2023-08-08T01:27:11","guid":{"rendered":"https:\/\/foodservice.exceldorcooperative.com\/turkey\/product\/roti-de-poitrine-de-dinde-butterball-fume\/"},"modified":"2024-05-15T19:13:12","modified_gmt":"2024-05-15T19:13:12","slug":"roti-de-dindon-fume-entierement-cuit","status":"publish","type":"product","link":"https:\/\/foodservice.exceldorcooperative.com\/turkey\/fr\/produit\/roti-de-dindon-fume-entierement-cuit\/","title":{"rendered":"R\u00f4ti de dindon fum\u00e9 enti\u00e8rement cuit"},"content":{"rendered":"","protected":false},"featured_media":21260274,"template":"","carousel":[],"brand":[105],"benefit":[108],"product-type":[113],"class_list":["post-21259852","product","type-product","status-publish","has-post-thumbnail","hentry","brand-butterball-fr","benefit-fully-cooked-fr","product-type-cooked-roast-fr"],"acf":[],"_links":{"self":[{"href":"https:\/\/foodservice.exceldorcooperative.com\/turkey\/fr\/wp-json\/wp\/v2\/product\/21259852","targetHints":{"allow":["GET"]}}],"collection":[{"href":"https:\/\/foodservice.exceldorcooperative.com\/turkey\/fr\/wp-json\/wp\/v2\/product"}],"about":[{"href":"https:\/\/foodservice.exceldorcooperative.com\/turkey\/fr\/wp-json\/wp\/v2\/types\/product"}],"version-history":[{"count":0,"href":"https:\/\/foodservice.exceldorcooperative.com\/turkey\/fr\/wp-json\/wp\/v2\/product\/21259852\/revisions"}],"wp:featuredmedia":[{"embeddable":true,"href":"https:\/\/foodservice.exceldorcooperative.com\/turkey\/fr\/wp-json\/wp\/v2\/media\/21260274"}],"wp:attachment":[{"href":"https:\/\/foodservice.exceldorcooperative.com\/turkey\/fr\/wp-json\/wp\/v2\/media?parent=21259852"}],"wp:term":[{"taxonomy":"carousel","embeddable":true,"href":"https:\/\/foodservice.exceldorcooperative.com\/turkey\/fr\/wp-json\/wp\/v2\/carousel?post=21259852"},{"taxonomy":"brand","embeddable":true,"href":"https:\/\/foodservice.exceldorcooperative.com\/turkey\/fr\/wp-json\/wp\/v2\/brand?post=21259852"},{"taxonomy":"benefit","embeddable":true,"href":"https:\/\/foodservice.exceldorcooperative.com\/turkey\/fr\/wp-json\/wp\/v2\/benefit?post=21259852"},{"taxonomy":"product-type","embeddable":true,"href":"https:\/\/foodservice.exceldorcooperative.com\/turkey\/fr\/wp-json\/wp\/v2\/product-type?post=21259852"}],"curies":[{"name":"wp","href":"https:\/\/api.w.org\/{rel}","templated":true}]}}