{"id":21259851,"date":"2023-08-02T15:56:28","date_gmt":"2023-08-02T15:56:28","guid":{"rendered":"https:\/\/foodservice.exceldorcooperative.com\/turkey\/product\/roti-de-poitrine-et-de-cuisse-de-dinde-butterball-desosse-avec-peau\/"},"modified":"2024-05-15T19:20:13","modified_gmt":"2024-05-15T19:20:13","slug":"roti-haut-de-cuisse-et-poitrine-de-dindon-assaisonne-desosse-avec-peau-butterball","status":"publish","type":"product","link":"https:\/\/foodservice.exceldorcooperative.com\/turkey\/fr\/produit\/roti-haut-de-cuisse-et-poitrine-de-dindon-assaisonne-desosse-avec-peau-butterball\/","title":{"rendered":"R\u00f4ti de poitrine et de haut de cuisse de dindon assaisonn\u00e9 d\u00e9soss\u00e9 sans peau Butterball"},"content":{"rendered":"","protected":false},"featured_media":21260251,"template":"","carousel":[],"brand":[105],"benefit":[110],"product-type":[112],"class_list":["post-21259851","product","type-product","status-publish","has-post-thumbnail","hentry","brand-butterball-fr","benefit-gluten-free-fr","product-type-raw-roasts-fr"],"acf":[],"_links":{"self":[{"href":"https:\/\/foodservice.exceldorcooperative.com\/turkey\/fr\/wp-json\/wp\/v2\/product\/21259851","targetHints":{"allow":["GET"]}}],"collection":[{"href":"https:\/\/foodservice.exceldorcooperative.com\/turkey\/fr\/wp-json\/wp\/v2\/product"}],"about":[{"href":"https:\/\/foodservice.exceldorcooperative.com\/turkey\/fr\/wp-json\/wp\/v2\/types\/product"}],"version-history":[{"count":0,"href":"https:\/\/foodservice.exceldorcooperative.com\/turkey\/fr\/wp-json\/wp\/v2\/product\/21259851\/revisions"}],"wp:featuredmedia":[{"embeddable":true,"href":"https:\/\/foodservice.exceldorcooperative.com\/turkey\/fr\/wp-json\/wp\/v2\/media\/21260251"}],"wp:attachment":[{"href":"https:\/\/foodservice.exceldorcooperative.com\/turkey\/fr\/wp-json\/wp\/v2\/media?parent=21259851"}],"wp:term":[{"taxonomy":"carousel","embeddable":true,"href":"https:\/\/foodservice.exceldorcooperative.com\/turkey\/fr\/wp-json\/wp\/v2\/carousel?post=21259851"},{"taxonomy":"brand","embeddable":true,"href":"https:\/\/foodservice.exceldorcooperative.com\/turkey\/fr\/wp-json\/wp\/v2\/brand?post=21259851"},{"taxonomy":"benefit","embeddable":true,"href":"https:\/\/foodservice.exceldorcooperative.com\/turkey\/fr\/wp-json\/wp\/v2\/benefit?post=21259851"},{"taxonomy":"product-type","embeddable":true,"href":"https:\/\/foodservice.exceldorcooperative.com\/turkey\/fr\/wp-json\/wp\/v2\/product-type?post=21259851"}],"curies":[{"name":"wp","href":"https:\/\/api.w.org\/{rel}","templated":true}]}}