{"id":21259848,"date":"2024-02-05T00:55:53","date_gmt":"2024-02-05T00:55:53","guid":{"rendered":"https:\/\/foodservice.exceldorcooperative.com\/turkey\/product\/roti-de-poitrine-de-dinde-butterball-desosse-avec-peau\/"},"modified":"2024-05-15T19:31:10","modified_gmt":"2024-05-15T19:31:10","slug":"roti-de-poitrine-de-dinde-butterball-desosse-avec-peau","status":"publish","type":"product","link":"https:\/\/foodservice.exceldorcooperative.com\/turkey\/fr\/produit\/roti-de-poitrine-de-dinde-butterball-desosse-avec-peau\/","title":{"rendered":"R\u00f4ti de poitrine de dindon Butterball &#8211; d\u00e9soss\u00e9 sans peau"},"content":{"rendered":"","protected":false},"featured_media":21261155,"template":"","carousel":[],"brand":[105],"benefit":[110],"product-type":[112],"class_list":["post-21259848","product","type-product","status-publish","has-post-thumbnail","hentry","brand-butterball-fr","benefit-gluten-free-fr","product-type-raw-roasts-fr"],"acf":[],"_links":{"self":[{"href":"https:\/\/foodservice.exceldorcooperative.com\/turkey\/fr\/wp-json\/wp\/v2\/product\/21259848","targetHints":{"allow":["GET"]}}],"collection":[{"href":"https:\/\/foodservice.exceldorcooperative.com\/turkey\/fr\/wp-json\/wp\/v2\/product"}],"about":[{"href":"https:\/\/foodservice.exceldorcooperative.com\/turkey\/fr\/wp-json\/wp\/v2\/types\/product"}],"version-history":[{"count":0,"href":"https:\/\/foodservice.exceldorcooperative.com\/turkey\/fr\/wp-json\/wp\/v2\/product\/21259848\/revisions"}],"wp:featuredmedia":[{"embeddable":true,"href":"https:\/\/foodservice.exceldorcooperative.com\/turkey\/fr\/wp-json\/wp\/v2\/media\/21261155"}],"wp:attachment":[{"href":"https:\/\/foodservice.exceldorcooperative.com\/turkey\/fr\/wp-json\/wp\/v2\/media?parent=21259848"}],"wp:term":[{"taxonomy":"carousel","embeddable":true,"href":"https:\/\/foodservice.exceldorcooperative.com\/turkey\/fr\/wp-json\/wp\/v2\/carousel?post=21259848"},{"taxonomy":"brand","embeddable":true,"href":"https:\/\/foodservice.exceldorcooperative.com\/turkey\/fr\/wp-json\/wp\/v2\/brand?post=21259848"},{"taxonomy":"benefit","embeddable":true,"href":"https:\/\/foodservice.exceldorcooperative.com\/turkey\/fr\/wp-json\/wp\/v2\/benefit?post=21259848"},{"taxonomy":"product-type","embeddable":true,"href":"https:\/\/foodservice.exceldorcooperative.com\/turkey\/fr\/wp-json\/wp\/v2\/product-type?post=21259848"}],"curies":[{"name":"wp","href":"https:\/\/api.w.org\/{rel}","templated":true}]}}