{"id":21259836,"date":"2023-08-07T22:05:59","date_gmt":"2023-08-07T22:05:59","guid":{"rendered":"https:\/\/foodservice.exceldorcooperative.com\/turkey\/product\/roti-de-poitrine-de-dinde-quick-easy-de-butterball\/"},"modified":"2024-05-21T14:46:13","modified_gmt":"2024-05-21T14:46:13","slug":"roti-de-poitrine-de-dindon-assaisonne-alternative-sante","status":"publish","type":"product","link":"https:\/\/foodservice.exceldorcooperative.com\/turkey\/fr\/produit\/roti-de-poitrine-de-dindon-assaisonne-alternative-sante\/","title":{"rendered":"R\u00f4ti de poitrine de dindon assaisonn\u00e9 alternative sant\u00e9"},"content":{"rendered":"","protected":false},"featured_media":21259766,"template":"","carousel":[],"brand":[105],"benefit":[107],"product-type":[112],"class_list":["post-21259836","product","type-product","status-publish","has-post-thumbnail","hentry","brand-butterball-fr","benefit-low-sodium-fr","product-type-raw-roasts-fr"],"acf":[],"_links":{"self":[{"href":"https:\/\/foodservice.exceldorcooperative.com\/turkey\/fr\/wp-json\/wp\/v2\/product\/21259836","targetHints":{"allow":["GET"]}}],"collection":[{"href":"https:\/\/foodservice.exceldorcooperative.com\/turkey\/fr\/wp-json\/wp\/v2\/product"}],"about":[{"href":"https:\/\/foodservice.exceldorcooperative.com\/turkey\/fr\/wp-json\/wp\/v2\/types\/product"}],"version-history":[{"count":0,"href":"https:\/\/foodservice.exceldorcooperative.com\/turkey\/fr\/wp-json\/wp\/v2\/product\/21259836\/revisions"}],"wp:featuredmedia":[{"embeddable":true,"href":"https:\/\/foodservice.exceldorcooperative.com\/turkey\/fr\/wp-json\/wp\/v2\/media\/21259766"}],"wp:attachment":[{"href":"https:\/\/foodservice.exceldorcooperative.com\/turkey\/fr\/wp-json\/wp\/v2\/media?parent=21259836"}],"wp:term":[{"taxonomy":"carousel","embeddable":true,"href":"https:\/\/foodservice.exceldorcooperative.com\/turkey\/fr\/wp-json\/wp\/v2\/carousel?post=21259836"},{"taxonomy":"brand","embeddable":true,"href":"https:\/\/foodservice.exceldorcooperative.com\/turkey\/fr\/wp-json\/wp\/v2\/brand?post=21259836"},{"taxonomy":"benefit","embeddable":true,"href":"https:\/\/foodservice.exceldorcooperative.com\/turkey\/fr\/wp-json\/wp\/v2\/benefit?post=21259836"},{"taxonomy":"product-type","embeddable":true,"href":"https:\/\/foodservice.exceldorcooperative.com\/turkey\/fr\/wp-json\/wp\/v2\/product-type?post=21259836"}],"curies":[{"name":"wp","href":"https:\/\/api.w.org\/{rel}","templated":true}]}}