{"id":21258332,"date":"2022-10-28T18:25:34","date_gmt":"2022-10-28T18:25:34","guid":{"rendered":"https:\/\/foodservice.exceldorcooperative.com\/turkey\/ressources\/"},"modified":"2024-03-18T01:49:07","modified_gmt":"2024-03-18T01:49:07","slug":"ressources","status":"publish","type":"page","link":"https:\/\/foodservice.exceldorcooperative.com\/turkey\/fr\/ressources\/","title":{"rendered":"Ressources"},"content":{"rendered":"<p>[et_pb_section fb_built=&#8221;1&#8243; admin_label=&#8221;Page Hero &#8211; Beige&#8221; module_class=&#8221;hero-beige align-bottom&#8221; _builder_version=&#8221;4.21.0&#8243; _module_preset=&#8221;4b00b76e-bd95-41ce-9e38-2ca002423716&#8243; background_color=&#8221;gcid-82d6c09a-d813-40a8-95b4-5069eeb5bf47&#8243; background_enable_image=&#8221;off&#8221; positioning=&#8221;none&#8221; position_origin_a=&#8221;top_center&#8221; z_index=&#8221;1&#8243; min_height_tablet=&#8221;430px&#8221; min_height_phone=&#8221;205px&#8221; min_height_last_edited=&#8221;off|desktop&#8221; overflow-x=&#8221;hidden&#8221; hover_transition_speed_curve=&#8221;ease-in-out&#8221; saved_tabs=&#8221;all&#8221; locked=&#8221;off&#8221; global_colors_info=&#8221;{%22gcid-82d6c09a-d813-40a8-95b4-5069eeb5bf47%22:%91%22background_color%22,%22background_color%22,%22background_color_gradient_stops%22,%22background_color%22%93,%22gcid-97f46b3a-9f6c-4d5b-9360-187355157c41%22:%91%22background_color_gradient_stops%22,%22background_color_gradient_stops%22%93}&#8221;][et_pb_row _builder_version=&#8221;4.21.0&#8243; _module_preset=&#8221;default&#8221; custom_margin=&#8221;80px|0px|80px|0px|false|false&#8221; custom_margin_tablet=&#8221;80px|0px|80px|0px|false|false&#8221; custom_margin_phone=&#8221;34px|0px|34px|0px|false|false&#8221; custom_margin_last_edited=&#8221;on|phone&#8221; global_colors_info=&#8221;{}&#8221;][et_pb_column type=&#8221;4_4&#8243; _builder_version=&#8221;4.21.0&#8243; _module_preset=&#8221;default&#8221; global_colors_info=&#8221;{}&#8221;][et_pb_text _builder_version=&#8221;4.23&#8243; _dynamic_attributes=&#8221;content&#8221; _module_preset=&#8221;9dab1d0d-ce38-49be-9ddf-8f8b7057c65e&#8221; locked=&#8221;off&#8221; global_colors_info=&#8221;{}&#8221;]@ET-DC@eyJkeW5hbWljIjp0cnVlLCJjb250ZW50IjoicG9zdF90aXRsZSIsInNldHRpbmdzIjp7ImJlZm9yZSI6IjxoMT4iLCJhZnRlciI6IjwvaDE+IiwiZW5hYmxlX2h0bWwiOiJvZmYifX0=@[\/et_pb_text][\/et_pb_column][\/et_pb_row][\/et_pb_section][et_pb_section fb_built=&#8221;1&#8243; admin_label=&#8221;Section&#8221; module_class=&#8221;resources&#8221; _builder_version=&#8221;4.21.0&#8243; _module_preset=&#8221;facac1ef-e35a-4b26-aef6-970ef6b77ec3&#8243; global_colors_info=&#8221;{}&#8221;][et_pb_row column_structure=&#8221;1_3,2_3&#8243; make_equal=&#8221;on&#8221; _builder_version=&#8221;4.24.2&#8243; _module_preset=&#8221;708515e2-e6e8-472c-bb3c-fa533d5afd33&#8243; custom_padding=&#8221;30px|0px|30px|0px|false|false&#8221; border_color_bottom=&#8221;rgba(0,0,0,0.2)&#8221; global_colors_info=&#8221;{}&#8221;][et_pb_column type=&#8221;1_3&#8243; _builder_version=&#8221;4.21.0&#8243; _module_preset=&#8221;default&#8221; global_colors_info=&#8221;{}&#8221;][ba_video_popup image=&#8221;https:\/\/foodservice.exceldorcooperative.com\/turkey\/wp-content\/uploads\/sites\/3\/2023\/08\/butterball-semi-boneless-turkey-video-bg.jpeg&#8221; icon=&#8221;3&#8243; video_link=&#8221;https:\/\/youtu.be\/UTGWyAbrFrc?si=uxM3iCpwcQ5NFbUl&#8221; icon_color=&#8221;#000000&#8243; icon_size=&#8221;80px&#8221; icon_height=&#8221;80px&#8221; icon_width=&#8221;80px&#8221; icon_radius=&#8221;60px&#8221; popup_bg=&#8221;rgba(0,0,0,0.9)&#8221; disabled_on=&#8221;off|off|off&#8221; admin_label=&#8221;Torque Video Popup&#8221; _builder_version=&#8221;4.24.2&#8243; _module_preset=&#8221;default&#8221; hover_transition_duration=&#8221;500ms&#8221; hover_transition_speed_curve=&#8221;ease-in-out&#8221; custom_css_icon=&#8221;width: 18px;||border-radius: 0;  &#8221; global_colors_info=&#8221;{%22gcid-97f46b3a-9f6c-4d5b-9360-187355157c41%22:%91%22image_bg_color%22,%22image_bg_color%22%93}&#8221; icon_color__hover_enabled=&#8221;on|hover&#8221; icon_bg__hover_enabled=&#8221;on|hover&#8221; icon_bg__hover=&#8221;#000000&#8243; icon_color__hover=&#8221;#FFFFFF&#8221; image_bg_color__hover_enabled=&#8221;off|desktop&#8221; image_bg_enable_color__hover=&#8221;off&#8221;][\/ba_video_popup][\/et_pb_column][et_pb_column type=&#8221;2_3&#8243; _builder_version=&#8221;4.21.0&#8243; _module_preset=&#8221;default&#8221; global_colors_info=&#8221;{}&#8221;][et_pb_text admin_label=&#8221;Videos&#8221; _builder_version=&#8221;4.24.0&#8243; _module_preset=&#8221;54789937-882f-466d-8e9f-669d1449484d&#8221; global_colors_info=&#8221;{}&#8221;]<\/p>\n<h2 class=\"style-scope ytd-watch-metadata\">Vid\u00e9os<\/h2>\n<p>[\/et_pb_text][et_pb_text admin_label=&#8221;Foodservice Semi-Boneless Turkey Roast&#8221; _builder_version=&#8221;4.24.2&#8243; _module_preset=&#8221;118b1043-92ef-4723-8374-c91682f3799f&#8221; global_colors_info=&#8221;{}&#8221;]<\/p>\n<h3>R\u00f4ti de dindon semi-d\u00e9soss\u00e9\u00a0<\/h3>\n<p>[\/et_pb_text][\/et_pb_column][\/et_pb_row][et_pb_row column_structure=&#8221;1_3,2_3&#8243; make_equal=&#8221;on&#8221; _builder_version=&#8221;4.23.3&#8243; _module_preset=&#8221;708515e2-e6e8-472c-bb3c-fa533d5afd33&#8243; custom_padding=&#8221;30px|0px|30px|0px|false|false&#8221; border_width_top=&#8221;1px&#8221; border_color_top=&#8221;rgba(0,0,0,0.2)&#8221; border_width_bottom=&#8221;1px&#8221; border_color_bottom=&#8221;rgba(0,0,0,0.2)&#8221; global_colors_info=&#8221;{}&#8221;][et_pb_column type=&#8221;1_3&#8243; _builder_version=&#8221;4.21.0&#8243; _module_preset=&#8221;default&#8221; global_colors_info=&#8221;{}&#8221;][ba_video_popup image=&#8221;https:\/\/foodservice.exceldorcooperative.com\/turkey\/wp-content\/uploads\/sites\/3\/2023\/08\/butterball-turkey-sausage-rounds-video-bg.jpeg&#8221; icon=&#8221;3&#8243; video_link=&#8221;https:\/\/www.youtube.com\/watch?v=DVXdzZYL5d4&#8243; icon_color=&#8221;#000000&#8243; icon_size=&#8221;80px&#8221; icon_height=&#8221;80px&#8221; icon_width=&#8221;80px&#8221; icon_radius=&#8221;60px&#8221; popup_bg=&#8221;rgba(0,0,0,0.9)&#8221; disabled_on=&#8221;off|off|off&#8221; admin_label=&#8221;Torque Video Popup&#8221; _builder_version=&#8221;4.24.2&#8243; _module_preset=&#8221;default&#8221; hover_transition_duration=&#8221;800ms&#8221; hover_transition_delay=&#8221;500ms&#8221; hover_transition_speed_curve=&#8221;ease-in-out&#8221; custom_css_icon=&#8221;width: 18px;||border-radius: 0;  &#8221; global_colors_info=&#8221;{}&#8221; icon_color__hover_enabled=&#8221;on|hover&#8221; icon_bg__hover_enabled=&#8221;on|hover&#8221; icon_bg__hover=&#8221;#000000&#8243; icon_color__hover=&#8221;#FFFFFF&#8221; image_bg_color__hover_enabled=&#8221;off|hover&#8221; image_bg_enable_color__hover=&#8221;off&#8221;][\/ba_video_popup][\/et_pb_column][et_pb_column type=&#8221;2_3&#8243; _builder_version=&#8221;4.21.0&#8243; _module_preset=&#8221;default&#8221; global_colors_info=&#8221;{}&#8221;][et_pb_text admin_label=&#8221;Videos&#8221; _builder_version=&#8221;4.21.0&#8243; _module_preset=&#8221;54789937-882f-466d-8e9f-669d1449484d&#8221; global_colors_info=&#8221;{}&#8221;]<\/p>\n<h2 class=\"style-scope ytd-watch-metadata\">Vid\u00e9os<\/h2>\n<p>[\/et_pb_text][et_pb_text admin_label=&#8221;Foodservice Turkey Sausage&#8221; _builder_version=&#8221;4.24.2&#8243; _module_preset=&#8221;118b1043-92ef-4723-8374-c91682f3799f&#8221; global_colors_info=&#8221;{}&#8221;]<\/p>\n<h3 class=\"style-scope ytd-watch-metadata\">Galettes de saucisses de dindon<\/h3>\n<p>[\/et_pb_text][\/et_pb_column][\/et_pb_row][et_pb_row column_structure=&#8221;1_3,2_3&#8243; make_equal=&#8221;on&#8221; _builder_version=&#8221;4.23.3&#8243; _module_preset=&#8221;708515e2-e6e8-472c-bb3c-fa533d5afd33&#8243; custom_padding=&#8221;30px|0px|30px|0px|false|false&#8221; border_width_top=&#8221;1px&#8221; border_color_top=&#8221;rgba(0,0,0,0.2)&#8221; border_width_bottom=&#8221;1px&#8221; border_color_bottom=&#8221;rgba(0,0,0,0.2)&#8221; global_colors_info=&#8221;{}&#8221;][et_pb_column type=&#8221;1_3&#8243; _builder_version=&#8221;4.21.0&#8243; _module_preset=&#8221;default&#8221; global_colors_info=&#8221;{}&#8221;][ba_video_popup image=&#8221;https:\/\/foodservice.exceldorcooperative.com\/turkey\/wp-content\/uploads\/sites\/3\/2023\/08\/butterball-turkey-bacon-rounds-video-bg.jpeg&#8221; icon=&#8221;3&#8243; video_link=&#8221;https:\/\/youtu.be\/SIssJ30bk7c?si=xU0UmMcHlh2SmluE&#8221; icon_color=&#8221;#000000&#8243; icon_size=&#8221;80px&#8221; icon_height=&#8221;80px&#8221; icon_width=&#8221;80px&#8221; icon_radius=&#8221;60px&#8221; popup_bg=&#8221;rgba(0,0,0,0.9)&#8221; disabled_on=&#8221;off|off|off&#8221; admin_label=&#8221;Torque Video Popup&#8221; _builder_version=&#8221;4.24.2&#8243; _module_preset=&#8221;default&#8221; hover_transition_duration=&#8221;500ms&#8221; hover_transition_speed_curve=&#8221;ease-in-out&#8221; custom_css_icon=&#8221;width: 18px;||border-radius: 0;  &#8221; global_colors_info=&#8221;{%22gcid-97f46b3a-9f6c-4d5b-9360-187355157c41%22:%91%22image_bg_color%22%93}&#8221; icon_color__hover_enabled=&#8221;on|hover&#8221; icon_bg__hover_enabled=&#8221;on|hover&#8221; icon_bg__hover=&#8221;#000000&#8243; icon_color__hover=&#8221;#FFFFFF&#8221; image_bg_color__hover_enabled=&#8221;off|hover&#8221; image_bg_enable_color__hover=&#8221;off&#8221;][\/ba_video_popup][\/et_pb_column][et_pb_column type=&#8221;2_3&#8243; _builder_version=&#8221;4.21.0&#8243; _module_preset=&#8221;default&#8221; global_colors_info=&#8221;{}&#8221;][et_pb_text admin_label=&#8221;Videos&#8221; _builder_version=&#8221;4.21.0&#8243; _module_preset=&#8221;54789937-882f-466d-8e9f-669d1449484d&#8221; global_colors_info=&#8221;{}&#8221;]<\/p>\n<h2 class=\"style-scope ytd-watch-metadata\">Vid\u00e9os<\/h2>\n<p>[\/et_pb_text][et_pb_text admin_label=&#8221;Foodservice Turkey Bacon&#8221; _builder_version=&#8221;4.24.2&#8243; _module_preset=&#8221;118b1043-92ef-4723-8374-c91682f3799f&#8221; global_colors_info=&#8221;{}&#8221;]<\/p>\n<h3>Bacon de dindon<\/h3>\n<p>[\/et_pb_text][\/et_pb_column][\/et_pb_row][et_pb_row column_structure=&#8221;1_3,2_3&#8243; make_equal=&#8221;on&#8221; _builder_version=&#8221;4.24.2&#8243; _module_preset=&#8221;708515e2-e6e8-472c-bb3c-fa533d5afd33&#8243; custom_padding=&#8221;30px|0px|30px|0px|false|false&#8221; border_width_top=&#8221;1px&#8221; border_color_top=&#8221;rgba(0,0,0,0.2)&#8221; border_color_bottom=&#8221;rgba(0,0,0,0.2)&#8221; global_colors_info=&#8221;{}&#8221;][et_pb_column type=&#8221;1_3&#8243; _builder_version=&#8221;4.21.0&#8243; _module_preset=&#8221;default&#8221; global_colors_info=&#8221;{}&#8221;][ba_video_popup image=&#8221;https:\/\/foodservice.exceldorcooperative.com\/turkey\/wp-content\/uploads\/sites\/3\/2023\/08\/butterball-ready-to-pull-turkey-video-bg.jpeg&#8221; icon=&#8221;3&#8243; video_link=&#8221;https:\/\/www.youtube.com\/watch?v=W96Qp_jAfJc&#8221; icon_color=&#8221;#000000&#8243; icon_size=&#8221;80px&#8221; icon_height=&#8221;80px&#8221; icon_width=&#8221;80px&#8221; icon_radius=&#8221;60px&#8221; popup_bg=&#8221;rgba(0,0,0,0.9)&#8221; disabled_on=&#8221;off|off|off&#8221; admin_label=&#8221;Torque Video Popup&#8221; _builder_version=&#8221;4.24.2&#8243; _module_preset=&#8221;default&#8221; hover_transition_duration=&#8221;500ms&#8221; hover_transition_speed_curve=&#8221;ease-in-out&#8221; custom_css_icon=&#8221;width: 18px;||border-radius: 0;  ||\/*||content: %22%92e04e%22 !important;||\tfont-family: ETmodules !important;||\tline-height: 1;||\tfont-size: 100px;||  padding: 40px;||\tborder-radius: 60px;||  color: white;||\tbackground: #F7B744;||\ttransition: all .15s ease-in-out;*\/&#8221; global_colors_info=&#8221;{%22gcid-97f46b3a-9f6c-4d5b-9360-187355157c41%22:%91%22image_bg_color%22%93}&#8221; icon_color__hover_enabled=&#8221;on|hover&#8221; icon_bg__hover_enabled=&#8221;on|hover&#8221; icon_bg__hover=&#8221;#000000&#8243; icon_color__hover=&#8221;#FFFFFF&#8221; image_bg_color__hover_enabled=&#8221;off|hover&#8221; image_bg_enable_color__hover=&#8221;on&#8221;][\/ba_video_popup][\/et_pb_column][et_pb_column type=&#8221;2_3&#8243; _builder_version=&#8221;4.21.0&#8243; _module_preset=&#8221;default&#8221; global_colors_info=&#8221;{}&#8221;][et_pb_text admin_label=&#8221;Videos&#8221; _builder_version=&#8221;4.21.0&#8243; _module_preset=&#8221;54789937-882f-466d-8e9f-669d1449484d&#8221; global_colors_info=&#8221;{}&#8221;]<\/p>\n<h2 class=\"style-scope ytd-watch-metadata\">Vid\u00e9os<\/h2>\n<p>[\/et_pb_text][et_pb_text admin_label=&#8221;Foodservice Ready to Pull Turkey&#8221; _builder_version=&#8221;4.24.2&#8243; _module_preset=&#8221;118b1043-92ef-4723-8374-c91682f3799f&#8221; global_colors_info=&#8221;{}&#8221;]<\/p>\n<h3>Dindon effiloch\u00e9<\/h3>\n<p>[\/et_pb_text][\/et_pb_column][\/et_pb_row][et_pb_row column_structure=&#8221;1_3,2_3&#8243; make_equal=&#8221;on&#8221; _builder_version=&#8221;4.24.2&#8243; _module_preset=&#8221;708515e2-e6e8-472c-bb3c-fa533d5afd33&#8243; custom_padding=&#8221;30px|0px|30px|0px|false|false&#8221; border_width_top=&#8221;1px&#8221; border_color_top=&#8221;rgba(0,0,0,0.2)&#8221; border_color_bottom=&#8221;rgba(0,0,0,0.2)&#8221; global_colors_info=&#8221;{}&#8221;][et_pb_column type=&#8221;1_3&#8243; _builder_version=&#8221;4.21.0&#8243; _module_preset=&#8221;default&#8221; global_colors_info=&#8221;{}&#8221;][ba_video_popup image=&#8221;https:\/\/foodservice.exceldorcooperative.com\/turkey\/wp-content\/uploads\/sites\/3\/2024\/03\/butterball-turkey-mini-meatloaf-video-bg-1.jpg&#8221; icon=&#8221;3&#8243; video_link=&#8221;https:\/\/www.youtube.com\/watch?v=baxJuHa3d0s&#8221; icon_color=&#8221;#000000&#8243; icon_size=&#8221;80px&#8221; icon_height=&#8221;80px&#8221; icon_width=&#8221;80px&#8221; icon_radius=&#8221;60px&#8221; popup_bg=&#8221;rgba(0,0,0,0.9)&#8221; disabled_on=&#8221;off|off|off&#8221; admin_label=&#8221;Torque Video Popup&#8221; _builder_version=&#8221;4.24.2&#8243; _module_preset=&#8221;default&#8221; hover_transition_duration=&#8221;500ms&#8221; hover_transition_speed_curve=&#8221;ease-in-out&#8221; custom_css_icon=&#8221;width: 18px;||border-radius: 0;  ||\/*||content: %22%92e04e%22 !important;||\tfont-family: ETmodules !important;||\tline-height: 1;||\tfont-size: 100px;||  padding: 40px;||\tborder-radius: 60px;||  color: white;||\tbackground: #F7B744;||\ttransition: all .15s ease-in-out;*\/&#8221; global_colors_info=&#8221;{%22gcid-97f46b3a-9f6c-4d5b-9360-187355157c41%22:%91%22image_bg_color%22%93}&#8221; icon_color__hover_enabled=&#8221;on|hover&#8221; icon_bg__hover_enabled=&#8221;on|hover&#8221; icon_bg__hover=&#8221;#000000&#8243; icon_color__hover=&#8221;#FFFFFF&#8221; image_bg_color__hover_enabled=&#8221;off|hover&#8221; image_bg_enable_color__hover=&#8221;on&#8221;][\/ba_video_popup][\/et_pb_column][et_pb_column type=&#8221;2_3&#8243; _builder_version=&#8221;4.21.0&#8243; _module_preset=&#8221;default&#8221; global_colors_info=&#8221;{}&#8221;][et_pb_text admin_label=&#8221;Videos&#8221; _builder_version=&#8221;4.21.0&#8243; _module_preset=&#8221;54789937-882f-466d-8e9f-669d1449484d&#8221; global_colors_info=&#8221;{}&#8221;]<\/p>\n<h2 class=\"style-scope ytd-watch-metadata\">Vid\u00e9os<\/h2>\n<p>[\/et_pb_text][et_pb_text admin_label=&#8221;Foodservice Turkey Mini Meatloaf&#8221; _builder_version=&#8221;4.24.2&#8243; _module_preset=&#8221;118b1043-92ef-4723-8374-c91682f3799f&#8221; hover_enabled=&#8221;0&#8243; global_colors_info=&#8221;{}&#8221; sticky_enabled=&#8221;0&#8243;]<\/p>\n<h3>Mini Pains de Viande \u00e0 la Dinde<\/h3>\n<p>[\/et_pb_text][\/et_pb_column][\/et_pb_row][\/et_pb_section][et_pb_section fb_built=&#8221;1&#8243; admin_label=&#8221;CTA&#8221; module_class=&#8221;cta&#8221; _builder_version=&#8221;4.21.0&#8243; _dynamic_attributes=&#8221;link_option_url&#8221; _module_preset=&#8221;default&#8221; background_color=&#8221;gcid-97f46b3a-9f6c-4d5b-9360-187355157c41&#8243; z_index=&#8221;2&#8243; top_divider_color=&#8221;gcid-97f46b3a-9f6c-4d5b-9360-187355157c41&#8243; top_divider_arrangement=&#8221;above_content&#8221; link_option_url=&#8221;@ET-DC@eyJkeW5hbWljIjp0cnVlLCJjb250ZW50IjoicG9zdF9saW5rX3VybF9wYWdlIiwic2V0dGluZ3MiOnsicG9zdF9pZCI6IjgiLCJlbmFibGVfaHRtbCI6Im9mZiJ9fQ==@&#8221; locked=&#8221;off&#8221; global_colors_info=&#8221;{%22gcid-97f46b3a-9f6c-4d5b-9360-187355157c41%22:%91%22background_color%22,%22background_color%22%93}&#8221; width__sticky_enabled=&#8221;off|desktop&#8221; height__sticky_enabled=&#8221;off|desktop&#8221; custom_padding__sticky_enabled=&#8221;off|desktop&#8221; custom_padding__sticky=&#8221;20px||20px||false|false&#8221; background_enable_color__hover=&#8221;on&#8221; background__hover_enabled=&#8221;on|hover&#8221; background_color__hover=&#8221;#8b5e28&#8243;][et_pb_row _builder_version=&#8221;4.20.4&#8243; _module_preset=&#8221;default&#8221; background_enable_color=&#8221;off&#8221; max_width=&#8221;100%&#8221; sticky_limit_top=&#8221;section&#8221; global_colors_info=&#8221;{}&#8221; custom_padding__sticky_enabled=&#8221;off|desktop&#8221; custom_padding__sticky=&#8221;0px||0px||false|false&#8221;][et_pb_column type=&#8221;4_4&#8243; _builder_version=&#8221;4.19.5&#8243; _module_preset=&#8221;default&#8221; global_colors_info=&#8221;{}&#8221;][et_pb_blurb title=&#8221;Avez-vous une question? Besoin d\u2019aide avec votre compte?&#8221; admin_label=&#8221;Contactez notre \u00e9quipe&#8221; _builder_version=&#8221;4.24.2&#8243; _dynamic_attributes=&#8221;link_option_url&#8221; _module_preset=&#8221;35e68fcc-f92f-43f2-8047-0fd5af4ab16c&#8221; header_text_color=&#8221;#FFFFFF&#8221; body_text_color=&#8221;#FFFFFF&#8221; background_color=&#8221;gcid-82d6c09a-d813-40a8-95b4-5069eeb5bf47&#8243; custom_padding_tablet=&#8221;&#8221; custom_padding_phone=&#8221;40px||40px||false|false&#8221; custom_padding_last_edited=&#8221;on|phone&#8221; link_option_url=&#8221;@ET-DC@eyJkeW5hbWljIjp0cnVlLCJjb250ZW50IjoicG9zdF9saW5rX3VybF9wYWdlIiwic2V0dGluZ3MiOnsicG9zdF9pZCI6IjE0IiwiZW5hYmxlX2h0bWwiOiJvZmYifX0=@&#8221; body_font_size_phone=&#8221;40px&#8221; border_width_right=&#8221;0px&#8221; border_color_right=&#8221;RGBA(255,255,255,0)&#8221; border_color_bottom=&#8221;RGBA(255,255,255,0)&#8221; border_width_right_last_edited=&#8221;off|desktop&#8221; border_width_bottom_last_edited=&#8221;off|desktop&#8221; border_color_bottom_last_edited=&#8221;off|desktop&#8221; saved_tabs=&#8221;all&#8221; global_colors_info=&#8221;{%22gcid-97f46b3a-9f6c-4d5b-9360-187355157c41%22:%91%22border_color_right%22%93,%22gcid-82d6c09a-d813-40a8-95b4-5069eeb5bf47%22:%91%22background_color%22%93}&#8221; custom_padding__sticky_enabled=&#8221;on|sticky&#8221; custom_padding__sticky=&#8221;20px|0px|20px|0px|false|false&#8221; custom_css_blurb_title__sticky_enabled=&#8221;on|desktop&#8221; custom_css_blurb_title__sticky=&#8221;padding-bottom: 10px;&#8221;]<\/p>\n<p>Contactez notre \u00e9quipe<\/p>\n<p>[\/et_pb_blurb][\/et_pb_column][\/et_pb_row][\/et_pb_section]<\/p>\n","protected":false},"excerpt":{"rendered":"<p><div class=\"et_pb_module ba_video_popup ba_video_popup_0\">\n\t\t\t\t\n\t\t\t\t\n\t\t\t\t\n\t\t\t\t\n\t\t\t\t\n\t\t\t\t\n\t\t\t\t<div class=\"et_pb_module_inner\">\n\t\t\t\t\t<div class=\"dtq-module dtq-video-popup\">\n                \n                <div class=\"dtq-video-popup-wrap\">\n\t\t\t\t\t<a\n\t\t\t\t\t\tclass=\"dtq-video-popup-trigger dtq-popup-yt\"\n\t\t\t\t\t\tdata-order=\"0\"\n\t\t\t\t\t\tdata-type=\"yt\"\n\t\t\t\t\t\thref=\"https:\/\/youtube.com\/watch?v=UTGWyAbrFrc?si=uxM3iCpwcQ5NFbUl\"\n\t\t\t\t\t\t\n\t\t\t\t\t>\n\t\t\t\t\t\t<span class=\"dtq-video-popup-icon\"><svg viewBox=\"0 0 494.942 494.942\" xmlns=\"http:\/\/www.w3.org\/2000\/svg\"><path d=\"m35.353 0 424.236 247.471-424.236 247.471z\"\/><\/svg><\/span>\n\t\t\t\t\t<\/a>\n                <\/div>\n                <div class=\"dtq-video-popup-figure\">\n\t\t\t\t\t<img  decoding=\"async\" data-src=\"https:\/\/foodservice.exceldorcooperative.com\/turkey\/wp-content\/uploads\/sites\/3\/2023\/08\/butterball-semi-boneless-turkey-video-bg.jpeg\" alt=\"\" src=\"data:image\/svg+xml;base64,PHN2ZyB3aWR0aD0iMSIgaGVpZ2h0PSIxIiB4bWxucz0iaHR0cDovL3d3dy53My5vcmcvMjAwMC9zdmciPjwvc3ZnPg==\" class=\"lazyload\" style=\"--smush-placeholder-width: 1920px; --smush-placeholder-aspect-ratio: 1920\/1080;\" \/>\n\t\t\t\t<\/div>\n            <\/div>\n\t\t\t\t<\/div>\n\t\t\t<\/div>Vid\u00e9osR\u00f4ti de dindon semi-d\u00e9soss\u00e9\u00a0<div class=\"et_pb_module ba_video_popup ba_video_popup_1\">\n\t\t\t\t\n\t\t\t\t\n\t\t\t\t\n\t\t\t\t\n\t\t\t\t\n\t\t\t\t\n\t\t\t\t<div class=\"et_pb_module_inner\">\n\t\t\t\t\t<div class=\"dtq-module dtq-video-popup\">\n                \n                <div class=\"dtq-video-popup-wrap\">\n\t\t\t\t\t<a\n\t\t\t\t\t\tclass=\"dtq-video-popup-trigger dtq-popup-yt\"\n\t\t\t\t\t\tdata-order=\"1\"\n\t\t\t\t\t\tdata-type=\"yt\"\n\t\t\t\t\t\thref=\"&#8221;https:\/\/www.youtube.com\/watch?v=DVXdzZYL5d4&#8243;\"\n\t\t\t\t\t\t\n\t\t\t\t\t>\n\t\t\t\t\t\t<span class=\"dtq-video-popup-icon\"><\/span>\n\t\t\t\t\t<\/a>\n                <\/div>\n                <div class=\"dtq-video-popup-figure\">\n\t\t\t\t\t<img  decoding=\"async\" src=\"\" alt=\"\"\/>\n\t\t\t\t<\/div>\n            <\/div>\n\t\t\t\t<\/div>\n\t\t\t<\/div><\/p>\n","protected":false},"author":1,"featured_media":0,"parent":0,"menu_order":0,"comment_status":"closed","ping_status":"closed","template":"","meta":{"_acf_changed":false,"_et_pb_use_builder":"on","_et_pb_old_content":"","_et_gb_content_width":"","footnotes":""},"class_list":["post-21258332","page","type-page","status-publish","hentry"],"acf":[],"_links":{"self":[{"href":"https:\/\/foodservice.exceldorcooperative.com\/turkey\/fr\/wp-json\/wp\/v2\/pages\/21258332","targetHints":{"allow":["GET"]}}],"collection":[{"href":"https:\/\/foodservice.exceldorcooperative.com\/turkey\/fr\/wp-json\/wp\/v2\/pages"}],"about":[{"href":"https:\/\/foodservice.exceldorcooperative.com\/turkey\/fr\/wp-json\/wp\/v2\/types\/page"}],"author":[{"embeddable":true,"href":"https:\/\/foodservice.exceldorcooperative.com\/turkey\/fr\/wp-json\/wp\/v2\/users\/1"}],"replies":[{"embeddable":true,"href":"https:\/\/foodservice.exceldorcooperative.com\/turkey\/fr\/wp-json\/wp\/v2\/comments?post=21258332"}],"version-history":[{"count":0,"href":"https:\/\/foodservice.exceldorcooperative.com\/turkey\/fr\/wp-json\/wp\/v2\/pages\/21258332\/revisions"}],"wp:attachment":[{"href":"https:\/\/foodservice.exceldorcooperative.com\/turkey\/fr\/wp-json\/wp\/v2\/media?parent=21258332"}],"curies":[{"name":"wp","href":"https:\/\/api.w.org\/{rel}","templated":true}]}}