{"id":21259390,"date":"2024-02-03T22:13:51","date_gmt":"2024-02-03T22:13:51","guid":{"rendered":"https:\/\/exfoodservice.wpenginepowered.com\/chicken\/product\/poitrines-de-poulet-desossees-et-assaisonnees-iqf\/"},"modified":"2024-03-08T18:52:36","modified_gmt":"2024-03-08T18:52:36","slug":"poitrines-de-poulet-desossees-et-assaisonnees-iqf","status":"publish","type":"product","link":"https:\/\/foodservice.exceldorcooperative.com\/chicken\/fr\/produit\/poitrines-de-poulet-desossees-et-assaisonnees-iqf\/","title":{"rendered":"Poitrines de poulet d\u00e9soss\u00e9es et assaisonn\u00e9es IQF"},"content":{"rendered":"","protected":false},"featured_media":21259492,"menu_order":20,"template":"","carousel":[],"cut":[110],"brand":[118],"product-type":[108],"class_list":["post-21259390","product","type-product","status-publish","has-post-thumbnail","hentry","cut-poitrine","brand-exceldor-fr","product-type-transforme"],"acf":[],"_links":{"self":[{"href":"https:\/\/foodservice.exceldorcooperative.com\/chicken\/fr\/wp-json\/wp\/v2\/product\/21259390","targetHints":{"allow":["GET"]}}],"collection":[{"href":"https:\/\/foodservice.exceldorcooperative.com\/chicken\/fr\/wp-json\/wp\/v2\/product"}],"about":[{"href":"https:\/\/foodservice.exceldorcooperative.com\/chicken\/fr\/wp-json\/wp\/v2\/types\/product"}],"version-history":[{"count":0,"href":"https:\/\/foodservice.exceldorcooperative.com\/chicken\/fr\/wp-json\/wp\/v2\/product\/21259390\/revisions"}],"wp:featuredmedia":[{"embeddable":true,"href":"https:\/\/foodservice.exceldorcooperative.com\/chicken\/fr\/wp-json\/wp\/v2\/media\/21259492"}],"wp:attachment":[{"href":"https:\/\/foodservice.exceldorcooperative.com\/chicken\/fr\/wp-json\/wp\/v2\/media?parent=21259390"}],"wp:term":[{"taxonomy":"carousel","embeddable":true,"href":"https:\/\/foodservice.exceldorcooperative.com\/chicken\/fr\/wp-json\/wp\/v2\/carousel?post=21259390"},{"taxonomy":"cut","embeddable":true,"href":"https:\/\/foodservice.exceldorcooperative.com\/chicken\/fr\/wp-json\/wp\/v2\/cut?post=21259390"},{"taxonomy":"brand","embeddable":true,"href":"https:\/\/foodservice.exceldorcooperative.com\/chicken\/fr\/wp-json\/wp\/v2\/brand?post=21259390"},{"taxonomy":"product-type","embeddable":true,"href":"https:\/\/foodservice.exceldorcooperative.com\/chicken\/fr\/wp-json\/wp\/v2\/product-type?post=21259390"}],"curies":[{"name":"wp","href":"https:\/\/api.w.org\/{rel}","templated":true}]}}