{"id":21259373,"date":"2024-02-03T22:13:11","date_gmt":"2024-02-03T22:13:11","guid":{"rendered":"https:\/\/exfoodservice.wpenginepowered.com\/chicken\/product\/ailes-de-poulet-epicees-et-fumees-2\/"},"modified":"2024-03-07T21:21:06","modified_gmt":"2024-03-07T21:21:06","slug":"ailes-de-poulet-epicees-et-fumees","status":"publish","type":"product","link":"https:\/\/foodservice.exceldorcooperative.com\/chicken\/fr\/produit\/ailes-de-poulet-epicees-et-fumees\/","title":{"rendered":"Ailes de poulet \u00e9pic\u00e9es et fum\u00e9es"},"content":{"rendered":"","protected":false},"featured_media":21259597,"menu_order":17,"template":"","carousel":[],"cut":[117],"brand":[118],"product-type":[108],"class_list":["post-21259373","product","type-product","status-publish","has-post-thumbnail","hentry","cut-ailes","brand-exceldor-fr","product-type-transforme"],"acf":[],"_links":{"self":[{"href":"https:\/\/foodservice.exceldorcooperative.com\/chicken\/fr\/wp-json\/wp\/v2\/product\/21259373","targetHints":{"allow":["GET"]}}],"collection":[{"href":"https:\/\/foodservice.exceldorcooperative.com\/chicken\/fr\/wp-json\/wp\/v2\/product"}],"about":[{"href":"https:\/\/foodservice.exceldorcooperative.com\/chicken\/fr\/wp-json\/wp\/v2\/types\/product"}],"version-history":[{"count":0,"href":"https:\/\/foodservice.exceldorcooperative.com\/chicken\/fr\/wp-json\/wp\/v2\/product\/21259373\/revisions"}],"wp:featuredmedia":[{"embeddable":true,"href":"https:\/\/foodservice.exceldorcooperative.com\/chicken\/fr\/wp-json\/wp\/v2\/media\/21259597"}],"wp:attachment":[{"href":"https:\/\/foodservice.exceldorcooperative.com\/chicken\/fr\/wp-json\/wp\/v2\/media?parent=21259373"}],"wp:term":[{"taxonomy":"carousel","embeddable":true,"href":"https:\/\/foodservice.exceldorcooperative.com\/chicken\/fr\/wp-json\/wp\/v2\/carousel?post=21259373"},{"taxonomy":"cut","embeddable":true,"href":"https:\/\/foodservice.exceldorcooperative.com\/chicken\/fr\/wp-json\/wp\/v2\/cut?post=21259373"},{"taxonomy":"brand","embeddable":true,"href":"https:\/\/foodservice.exceldorcooperative.com\/chicken\/fr\/wp-json\/wp\/v2\/brand?post=21259373"},{"taxonomy":"product-type","embeddable":true,"href":"https:\/\/foodservice.exceldorcooperative.com\/chicken\/fr\/wp-json\/wp\/v2\/product-type?post=21259373"}],"curies":[{"name":"wp","href":"https:\/\/api.w.org\/{rel}","templated":true}]}}