{"id":21260416,"date":"2024-03-06T15:31:35","date_gmt":"2024-03-06T15:31:35","guid":{"rendered":"https:\/\/exfoodservice.wpenginepowered.com\/chicken\/page-layout__trashed\/"},"modified":"2024-03-19T13:59:53","modified_gmt":"2024-03-19T13:59:53","slug":"page-layout__trashed","status":"publish","type":"page","link":"https:\/\/foodservice.exceldorcooperative.com\/chicken\/fr\/page-layout__trashed\/","title":{"rendered":"Juridique"},"content":{"rendered":"<p>[et_pb_section fb_built=&#8221;1&#8243; admin_label=&#8221;Hero&#8221; module_class=&#8221;hero-beige align-bottom&#8221; _builder_version=&#8221;4.23.4&#8243; _module_preset=&#8221;4b00b76e-bd95-41ce-9e38-2ca002423716&#8243; background_color=&#8221;gcid-82d6c09a-d813-40a8-95b4-5069eeb5bf47&#8243; background_enable_color=&#8221;on&#8221; positioning=&#8221;none&#8221; position_origin_a=&#8221;top_center&#8221; z_index=&#8221;1&#8243; min_height_tablet=&#8221;430px&#8221; min_height_phone=&#8221;205px&#8221; min_height_last_edited=&#8221;off|desktop&#8221; overflow-x=&#8221;hidden&#8221; hover_transition_speed_curve=&#8221;ease-in-out&#8221; saved_tabs=&#8221;all&#8221; locked=&#8221;off&#8221; global_colors_info=&#8221;{%22gcid-82d6c09a-d813-40a8-95b4-5069eeb5bf47%22:%91%22background_color%22,%22background_color%22,%22background_color_gradient_stops%22,%22background_color%22%93,%22gcid-97f46b3a-9f6c-4d5b-9360-187355157c41%22:%91%22background_color_gradient_stops%22,%22background_color_gradient_stops%22%93}&#8221;][et_pb_row _builder_version=&#8221;4.21.0&#8243; _module_preset=&#8221;default&#8221; custom_margin=&#8221;80px|0px|80px|0px|false|false&#8221; custom_margin_tablet=&#8221;80px|0px|80px|0px|false|false&#8221; custom_margin_phone=&#8221;34px|0px|34px|0px|false|false&#8221; custom_margin_last_edited=&#8221;on|phone&#8221; global_colors_info=&#8221;{}&#8221;][et_pb_column type=&#8221;4_4&#8243; _builder_version=&#8221;4.21.0&#8243; _module_preset=&#8221;default&#8221; global_colors_info=&#8221;{}&#8221;][et_pb_text admin_label=&#8221;Page Title&#8221; _builder_version=&#8221;4.24.2&#8243; _dynamic_attributes=&#8221;content&#8221; _module_preset=&#8221;1c65811d-0183-4684-a511-963263e2b658&#8243; locked=&#8221;off&#8221; global_colors_info=&#8221;{}&#8221;]@ET-DC@eyJkeW5hbWljIjp0cnVlLCJjb250ZW50IjoicG9zdF90aXRsZSIsInNldHRpbmdzIjp7ImJlZm9yZSI6IlxuICAgICAgICAgIDxoMT5cbiAgICAgICAgIiwiYWZ0ZXIiOiJcbiAgICAgICAgICA8L2gxPlxuICAgICAgICAiLCJlbmFibGVfaHRtbCI6Im9mZiJ9fQ==@[\/et_pb_text][\/et_pb_column][\/et_pb_row][\/et_pb_section][et_pb_section fb_built=&#8221;1&#8243; _builder_version=&#8221;4.23.4&#8243; _module_preset=&#8221;ca31ca0f-b3e6-40af-b84b-b57455c562d1&#8243; locked=&#8221;off&#8221; global_colors_info=&#8221;{}&#8221;][et_pb_row _builder_version=&#8221;4.23.4&#8243; _module_preset=&#8221;default&#8221; global_colors_info=&#8221;{}&#8221;][et_pb_column type=&#8221;4_4&#8243; _builder_version=&#8221;4.23.4&#8243; _module_preset=&#8221;default&#8221; global_colors_info=&#8221;{}&#8221;][et_pb_text admin_label=&#8221;PRIVACY POLICY&#8221; _builder_version=&#8221;4.24.2&#8243; _module_preset=&#8221;04e7994c-1ac7-476f-9c59-c833956df2d0&#8243; header_2_font=&#8221;Geologica EX Medium|||on|||||&#8221; header_2_text_align=&#8221;left&#8221; global_colors_info=&#8221;{}&#8221;]<\/p>\n<h2>Politique de confidentialit\u00e9<\/h2>\n<p>[\/et_pb_text][et_pb_text _builder_version=&#8221;4.24.2&#8243; _module_preset=&#8221;default&#8221; global_colors_info=&#8221;{}&#8221;]<\/p>\n<h4>Aucune information personnelle n&#8217;est collect\u00e9e lorsque vous naviguez<\/h4>\n<p>Exceldor Cooperative ne recueille pas d&#8217;informations personnelles vous concernant lorsque vous naviguez sur ce site Web, \u00e0 moins que vous ne vous inscriviez volontairement \u00e0 un service sp\u00e9cifique demandant de telles informations.<\/p>\n<p>&nbsp;<\/p>\n<h4>Informations fournies par courriel \u00e0 <a href=\"mailto:info@exceldor.com\" title=\"Info@exceldor.com\">info@exceldor.com<\/a><\/h4>\n<p>Si vous soumettez une demande par courrier \u00e9lectronique via ce site web, les informations personnelles qu&#8217;elle contient ne seront fournies qu&#8217;aux employ\u00e9s de la coop\u00e9rative Exceldor qui ont besoin d&#8217;y avoir acc\u00e8s pour y r\u00e9pondre.<\/p>\n<p>&nbsp;<\/p>\n<h4>Non-divulgation des informations personnelles<\/h4>\n<p>Sauf dans les cas pr\u00e9vus dans le pr\u00e9sent paragraphe, Exceldor ne divulgue pas \u00e0 des tiers les informations personnelles recueillies sur son site web sans avoir obtenu au pr\u00e9alable l&#8217;accord du propri\u00e9taire ou dans des circonstances sp\u00e9cifiques, par exemple si la coop\u00e9rative Exceldor estime de bonne foi qu&#8217;elle est tenue de le faire en vertu de la loi ou dans le cadre de concours tels que sp\u00e9cifi\u00e9s dans le r\u00e8glement. En outre, exceldor ne vend pas sa liste d&#8217;utilisateurs du site web. Seuls les employ\u00e9s, mandataires ou agents d&#8217;Exceldor Coop\u00e9rative charg\u00e9s de la gestion et du d\u00e9veloppement du site Web d&#8217;Exceldor Coop\u00e9rative ont acc\u00e8s aux renseignements recueillis. Ces employ\u00e9s, mandataires et agents ont re\u00e7u l&#8217;instruction de respecter la pr\u00e9sente politique de protection de la vie priv\u00e9e.<\/p>\n<p>&nbsp;<\/p>\n<h4>Autres informations enregistr\u00e9es<\/h4>\n<p>Comme c&#8217;est le cas pour la plupart des sites web, nous pouvons \u00e9galement collecter et stocker automatiquement certaines informations non personnellement identifiables lors de l&#8217;utilisation du site. Ces informations comprennent le pays \u00e0 partir duquel vous acc\u00e9dez au site, le nom de domaine et l&#8217;adresse IP que vous utilisez pour y acc\u00e9der, ainsi que votre type de navigateur et votre syst\u00e8me d&#8217;exploitation. Exceldor Cooperative utilise ces informations \u00e0 des fins statistiques pour analyser le trafic du site web et y apporter des am\u00e9liorations.<\/p>\n<p>&nbsp;<\/p>\n<h4>Risques li\u00e9s \u00e0 Internet<\/h4>\n<p>Bien qu&#8217;Exceldor mette tout en \u0153uvre pour s&#8217;assurer qu&#8217;aucun tiers ne consulte ou n&#8217;obtient vos informations personnelles \u00e0 partir de son site web, la confidentialit\u00e9 et la s\u00e9curit\u00e9 absolues sur l&#8217;internet ne peuvent \u00eatre garanties. Les communications par Internet sont susceptibles d&#8217;\u00eatre intercept\u00e9es, perdues ou modifi\u00e9es. Vous reconnaissez et acceptez que la Coop\u00e9rative Exceldor n&#8217;est pas responsable des dommages r\u00e9sultant de la transmission d&#8217;informations confidentielles ou personnelles sur Internet et que ces communications se font \u00e0 vos propres risques.<\/p>\n<p>&nbsp;<\/p>\n<h4>Cookies<\/h4>\n<p>Exceldor Cooperative utilise des cookies sur diff\u00e9rents sites web pour enregistrer des informations, en particulier les pr\u00e9f\u00e9rences de navigation. Les cookies sont de petits fichiers texte stock\u00e9s sur votre disque dur.<\/p>\n<p>&nbsp;<\/p>\n<h4>Liens vers d&#8217;autres sites web<\/h4>\n<p>Le site Internet de la Coop\u00e9rative Exceldor peut contenir des liens dirigeant les utilisateurs vers des sites exploit\u00e9s par d&#8217;autres entreprises. Exceldor Coop\u00e9rative n&#8217;exerce aucun contr\u00f4le sur ces sites et n&#8217;assume aucune responsabilit\u00e9 en les r\u00e9pertoriant sur son site. Toute information que vous envoyez \u00e0 ces sites est soumise aux politiques de confidentialit\u00e9 de ces sites.<\/p>\n<p>&nbsp;<\/p>\n<h4>R\u00e9servations<\/h4>\n<p>Exceldor Cooperative se r\u00e9serve le droit de r\u00e9viser cette politique de confidentialit\u00e9 \u00e0 tout moment et sans pr\u00e9avis. Vous pouvez consulter la politique \u00e0 tout moment en visitant notre site.<\/p>\n<p>&nbsp;<\/p>\n<h4>Consentement<\/h4>\n<p>En naviguant sur le site web de la Coop\u00e9rative Exceldor, vous acceptez inconditionnellement cette politique de confidentialit\u00e9.<br \/>Pour toute question concernant cette politique de confidentialit\u00e9, contactez le service client\u00e8le d&#8217;Exceldor Cooperative \u00e0 l&#8217;adresse <a href=\"mailto:info@exceldor.com\" title=\"Info@exceldor.com\">info@exceldor.com<\/a>.<\/p>\n<p>Si n\u00e9cessaire, vous trouverez ci-dessous les coordonn\u00e9es de notre responsable de la protection de la vie priv\u00e9e<\/p>\n<p>Samuel Lajoie<br \/>Directeur des affaires juridiques et du secr\u00e9tariat g\u00e9n\u00e9ral<br \/>T\u00e9l\u00e9phone : 418 830-5600 poste 4606<br \/>Courriel : slajoie@exceldor.com<\/p>\n<p>&nbsp;<\/p>\n<p>&nbsp;<\/p>\n<p>[\/et_pb_text][et_pb_text admin_label=&#8221;Terms and Conditions&#8221; _builder_version=&#8221;4.24.2&#8243; _module_preset=&#8221;04e7994c-1ac7-476f-9c59-c833956df2d0&#8243; header_2_font=&#8221;Geologica EX Medium|||on|||||&#8221; header_2_text_align=&#8221;left&#8221; global_colors_info=&#8221;{}&#8221;]<\/p>\n<h2>Conditions g\u00e9n\u00e9rales d&#8217;utilisation<\/h2>\n<p>[\/et_pb_text][et_pb_text _builder_version=&#8221;4.24.2&#8243; _module_preset=&#8221;default&#8221; global_colors_info=&#8221;{}&#8221;]<\/p>\n<p>L&#8217;utilisation du site web de la Coop\u00e9rative Exceldor est soumise aux conditions g\u00e9n\u00e9rales suivantes et \u00e0 toutes les lois applicables. En acc\u00e9dant \u00e0 ce site web et en y naviguant, vous acceptez inconditionnellement ces conditions.<\/p>\n<p>&nbsp;<\/p>\n<h4>Limitation de la responsabilit\u00e9<\/h4>\n<p>La coop\u00e9rative Exceldor ne peut \u00eatre tenue responsable des dommages de toute nature, directs ou indirects, r\u00e9sultant de l&#8217;utilisation de ce site web ou de son contenu.<\/p>\n<p>&nbsp;<\/p>\n<h4>Exclusion de garantie<\/h4>\n<p>Ce site, son contenu et tous les produits, caract\u00e9ristiques et services offerts ou contenus sur ce site sont fournis &#8220;en l&#8217;\u00e9tat&#8221; et &#8220;sous r\u00e9serve de disponibilit\u00e9&#8221;. exceldor ne fait aucune d\u00e9claration et ne donne aucune garantie, qu&#8217;elle soit expresse, l\u00e9gale, implicite ou r\u00e9sultant d&#8217;une utilisation commerciale ou autre, concernant ce site, son contenu ou les sites li\u00e9s, les produits, les caract\u00e9ristiques ou les services offerts ou contenus sur ce site. La Coop\u00e9rative Exceldor ne donne aucune garantie quant \u00e0 l&#8217;exactitude, au service ininterrompu, \u00e0 la pr\u00e9cision, \u00e0 la disponibilit\u00e9, \u00e0 la fiabilit\u00e9 ou \u00e0 la s\u00e9curit\u00e9 de ce site web, de son contenu ou des liens, produits, caract\u00e9ristiques ou services offerts sur ce site.<\/p>\n<p>&nbsp;<\/p>\n<h4>Informations sur les droits d&#8217;auteur et les marques d\u00e9pos\u00e9es<\/h4>\n<p>L&#8217;ensemble du contenu de ce site web, y compris le texte, la conception, les graphiques, les images et les photographies, est prot\u00e9g\u00e9 par la loi canadienne sur le droit d&#8217;auteur. Toute utilisation non autoris\u00e9e de ce contenu, y compris toute reproduction, distribution ou redistribution, transmission ou retransmission, communication au public au moyen d&#8217;\u00e9quipements de t\u00e9l\u00e9communication, repr\u00e9sentation, traduction, diffusion publique ou t\u00e9l\u00e9chargement est interdite sans l&#8217;accord \u00e9crit d&#8217;Exceldor. La Coop\u00e9rative Exceldor ne garantit pas que ces \u00e9l\u00e9ments n&#8217;enfreignent pas les droits d&#8217;un autre individu ou d&#8217;une autre entit\u00e9.<br \/>La marque Exceldor est la propri\u00e9t\u00e9 de la coop\u00e9rative Exceldor et ne peut \u00eatre utilis\u00e9e sans l&#8217;accord \u00e9crit pr\u00e9alable de la coop\u00e9rative Exceldor.<\/p>\n<p>&nbsp;<\/p>\n<h4>Concours et coupons<\/h4>\n<p>Des concours et des coupons peuvent \u00eatre propos\u00e9s de temps \u00e0 autre sur ce site web. Chaque concours est soumis \u00e0 des r\u00e8gles officielles. En participant \u00e0 un tel concours, vous acceptez le r\u00e8glement officiel et les pr\u00e9sentes conditions d&#8217;utilisation.<br \/>Toutes les promotions et tous les coupons pr\u00e9sent\u00e9s sur ce site sont soumis aux conditions d&#8217;utilisation figurant sur les coupons.<\/p>\n<p>&nbsp;<\/p>\n<h4>Vie priv\u00e9e<\/h4>\n<p>Alors que les informations personnelles soumises \u00e0 Exceldor sont r\u00e9gies par notre politique de confidentialit\u00e9, toute autre information transmise \u00e0 Exceldor via Internet (y compris, mais sans s&#8217;y limiter, les commentaires, suggestions, id\u00e9es, graphiques et photographies) peut \u00eatre utilis\u00e9e par Exceldor sans restriction, limitation ou compensation de quelque nature que ce soit.<\/p>\n<p>&nbsp;<\/p>\n<h4>Liens<\/h4>\n<p>Ce site web peut contenir des liens vers des sites de tiers. Ces liens sont fournis uniquement pour des raisons de commodit\u00e9 et ne signifient en aucun cas qu&#8217;Exceldor soutient, approuve ou recommande les produits, services ou informations contenus dans ces sites Web ou qu&#8217;Exceldor garantit leur exactitude. La Coop\u00e9rative Exceldor n&#8217;est en aucun cas responsable du contenu ou des pratiques des sites tiers.<br \/>Vous ne pouvez pas cr\u00e9er de lien vers ce site web sans l&#8217;autorisation \u00e9crite pr\u00e9alable d&#8217;Exceldor Cooperative.<\/p>\n<p>&nbsp;<\/p>\n<h4>Erreurs<\/h4>\n<p>Exceldor Cooperative ne d\u00e9clare ni ne garantit en aucune mani\u00e8re que le contenu de ce site web et chacun de ses composants seront exempts d&#8217;erreurs, de fautes, de virus ou d&#8217;autres propri\u00e9t\u00e9s destructrices, que l&#8217;acc\u00e8s sera ininterrompu ou que les probl\u00e8mes de cette nature qui sont d\u00e9couverts seront corrig\u00e9s.<\/p>\n<p>&nbsp;<\/p>\n<h4>Modifications<\/h4>\n<p>Exceldor Cooperative se r\u00e9serve le droit de r\u00e9viser ces conditions d&#8217;utilisation \u00e0 tout moment et sans pr\u00e9avis.<\/p>\n<p>&nbsp;<\/p>\n<h4>Droit applicable<\/h4>\n<p>Les pr\u00e9sentes conditions d&#8217;utilisation sont soumises au droit de la province de Qu\u00e9bec et au droit f\u00e9d\u00e9ral applicable, sans tenir compte des conflits de lois. Les tribunaux des arrondissements judiciaires de la province de Qu\u00e9bec seront seuls comp\u00e9tents pour conna\u00eetre de toute action en justice relative \u00e0 l&#8217;interpr\u00e9tation et \u00e0 l&#8217;application des pr\u00e9sentes conditions d&#8217;utilisation.<\/p>\n<p>&nbsp;<\/p>\n<h4>Champ d&#8217;application territorial<\/h4>\n<p>Exceldor Coop\u00e9rative ne garantit pas que l&#8217;utilisation de ce site Web sera appropri\u00e9e ou possible en dehors du Canada. De m\u00eame, Exceldor Cooperative ne d\u00e9clare pas que le contenu de ce site Web peut \u00eatre utilis\u00e9 \u00e0 l&#8217;ext\u00e9rieur du Canada.<\/p>\n<p>&nbsp;<\/p>\n<h4>Vos obligations<\/h4>\n<p>Votre utilisation de ce site web doit \u00eatre conforme \u00e0 toutes les lois et r\u00e9glementations applicables. Vous ne pouvez pas : (i) utiliser ce site web pour afficher, diffuser ou transmettre de la publicit\u00e9 non autoris\u00e9e, du mat\u00e9riel promotionnel, des cha\u00eenes de lettres, du spam ou tout autre type de courrier \u00e9lectronique non sollicit\u00e9 ; (ii) omettre, supprimer ou falsifier des informations de transmission, y compris toute adresse de retour, adresse IP ou en-t\u00eate, ou manipuler de toute autre mani\u00e8re tout identifiant pour d\u00e9guiser l&#8217;origine de tout contenu ; (iii) usurper l&#8217;identit\u00e9 d&#8217;une personne ou d&#8217;une entit\u00e9, quelle qu&#8217;elle soit, d\u00e9clarer faussement ou pr\u00e9senter de mani\u00e8re erron\u00e9e votre affiliation avec une telle personne ; (iv) s&#8217;engager dans une activit\u00e9 visant \u00e0 dissimuler l&#8217;identit\u00e9 ou les coordonn\u00e9es de quiconque ; (v) envoyer des messages de harc\u00e8lement ou de menace \u00e0 d&#8217;autres personnes ; (vi) transmettre des virus ou d&#8217;autres \u00e9l\u00e9ments nuisibles ; (vii) utiliser ce site web \u00e0 des fins ill\u00e9gales ou en violation de toute loi ou r\u00e9glementation applicable ; (viii) s&#8217;engager dans une activit\u00e9 en ligne, quelle qu&#8217;elle soit, qui pourrait violer le droit \u00e0 la vie priv\u00e9e d&#8217;autrui ; (ix) tenter de d\u00e9jouer les mesures de s\u00e9curit\u00e9 de ce site web ou d&#8217;obtenir ou de contourner les mots de passe d&#8217;autres personnes ; ou (x) lancer des attaques par d\u00e9ni de service ou prendre des mesures pour perturber l&#8217;acc\u00e8s au r\u00e9seau en inondant ce site web ou l&#8217;internet d&#8217;un trafic inutile.<\/p>\n<p>Vous convenez que vous \u00eates responsable de vos propres communications et que vous ne devez pas les publier, les diffuser ou les transmettre sur ou via ce site web : (i) tout contenu ill\u00e9gal, d\u00e9nigrant, abusif, mena\u00e7ant, obsc\u00e8ne, nuisible, susceptible de porter atteinte \u00e0 la vie priv\u00e9e d&#8217;autrui ou pouvant \u00eatre consid\u00e9r\u00e9 comme du harc\u00e8lement ; (ii) le contenu qui enfreint les droits d&#8217;auteur, les marques, les secrets commerciaux, les brevets ou toute autre propri\u00e9t\u00e9 intellectuelle d&#8217;une autre partie ; (iii) le contenu que vous n&#8217;avez pas le droit de diffuser ou de transmettre en vertu de la loi ou de tout contrat ou accord ; ou (iv) le contenu qui contient des donn\u00e9es personnelles d&#8217;une personne autre que vous-m\u00eame, y compris les informations personnelles des mineurs.<\/p>\n<p>[\/et_pb_text][\/et_pb_column][\/et_pb_row][\/et_pb_section]<\/p>\n","protected":false},"excerpt":{"rendered":"<p>Politique de confidentialit\u00e9Aucune information personnelle n&#8217;est collect\u00e9e lorsque vous naviguez Exceldor Cooperative ne recueille pas d&#8217;informations personnelles vous concernant lorsque vous naviguez sur ce site Web, \u00e0 moins que vous ne vous inscriviez volontairement \u00e0 un service sp\u00e9cifique demandant de telles informations. &nbsp; Informations fournies par courriel \u00e0 info@exceldor.com Si vous soumettez une demande par courrier \u00e9lectronique via ce site web, les informations personnelles qu&#8217;elle contient ne seront fournies qu&#8217;aux employ\u00e9s de la coop\u00e9rative Exceldor qui ont besoin d&#8217;y avoir acc\u00e8s pour y r\u00e9pondre. &nbsp; Non-divulgation des informations personnelles Sauf dans les cas pr\u00e9vus dans le pr\u00e9sent paragraphe, Exceldor ne divulgue pas \u00e0 des tiers les informations personnelles recueillies sur son site web sans avoir obtenu au pr\u00e9alable l&#8217;accord du propri\u00e9taire ou dans des circonstances sp\u00e9cifiques, par exemple si la coop\u00e9rative Exceldor estime de bonne foi qu&#8217;elle est tenue de le faire en vertu de la loi ou dans le cadre de concours tels que sp\u00e9cifi\u00e9s dans le r\u00e8glement. En outre, exceldor ne vend pas sa liste d&#8217;utilisateurs du site web. Seuls les employ\u00e9s, mandataires ou agents d&#8217;Exceldor Coop\u00e9rative charg\u00e9s de la gestion et du d\u00e9veloppement du site Web d&#8217;Exceldor Coop\u00e9rative ont acc\u00e8s aux renseignements recueillis. Ces employ\u00e9s, mandataires et [&hellip;]<\/p>\n","protected":false},"author":7,"featured_media":0,"parent":0,"menu_order":0,"comment_status":"closed","ping_status":"closed","template":"","meta":{"_acf_changed":false,"_et_pb_use_builder":"on","_et_pb_old_content":"","_et_gb_content_width":"","footnotes":""},"class_list":["post-21260416","page","type-page","status-publish","hentry"],"acf":[],"_links":{"self":[{"href":"https:\/\/foodservice.exceldorcooperative.com\/chicken\/fr\/wp-json\/wp\/v2\/pages\/21260416","targetHints":{"allow":["GET"]}}],"collection":[{"href":"https:\/\/foodservice.exceldorcooperative.com\/chicken\/fr\/wp-json\/wp\/v2\/pages"}],"about":[{"href":"https:\/\/foodservice.exceldorcooperative.com\/chicken\/fr\/wp-json\/wp\/v2\/types\/page"}],"author":[{"embeddable":true,"href":"https:\/\/foodservice.exceldorcooperative.com\/chicken\/fr\/wp-json\/wp\/v2\/users\/7"}],"replies":[{"embeddable":true,"href":"https:\/\/foodservice.exceldorcooperative.com\/chicken\/fr\/wp-json\/wp\/v2\/comments?post=21260416"}],"version-history":[{"count":0,"href":"https:\/\/foodservice.exceldorcooperative.com\/chicken\/fr\/wp-json\/wp\/v2\/pages\/21260416\/revisions"}],"wp:attachment":[{"href":"https:\/\/foodservice.exceldorcooperative.com\/chicken\/fr\/wp-json\/wp\/v2\/media?parent=21260416"}],"curies":[{"name":"wp","href":"https:\/\/api.w.org\/{rel}","templated":true}]}}