{"id":21258198,"date":"2022-10-28T18:23:45","date_gmt":"2022-10-28T18:23:45","guid":{"rendered":"https:\/\/exfoodservice.wpenginepowered.com\/chicken\/contact\/"},"modified":"2024-03-28T22:00:10","modified_gmt":"2024-03-28T22:00:10","slug":"contact","status":"publish","type":"page","link":"https:\/\/foodservice.exceldorcooperative.com\/chicken\/fr\/contact\/","title":{"rendered":"Contact"},"content":{"rendered":"<p>[et_pb_section fb_built=&#8221;1&#8243; admin_label=&#8221;Page Hero&#8221; module_class=&#8221;hero custom-parallax&#8221; _builder_version=&#8221;4.23.3&#8243; _module_preset=&#8221;4b00b76e-bd95-41ce-9e38-2ca002423716&#8243; background_color=&#8221;#fff8ed&#8221; background_image=&#8221;https:\/\/foodservice.exceldorcooperative.com\/chicken\/wp-content\/uploads\/sites\/2\/2023\/01\/contact-hero.jpg&#8221; background_position=&#8221;top_center&#8221; background_last_edited=&#8221;on|phone&#8221; background_position_phone=&#8221;top_right&#8221; saved_tabs=&#8221;all&#8221; locked=&#8221;off&#8221; global_colors_info=&#8221;{%22gcid-9fd3b0b5-7ebc-491c-ba7e-4ff5a433fb98%22:%91%22background_color%22,%22background_color%22%93,%22gcid-97f46b3a-9f6c-4d5b-9360-187355157c41%22:%91%22background_color_gradient_stops%22%93,%22gcid-82d6c09a-d813-40a8-95b4-5069eeb5bf47%22:%91%22background_color_gradient_stops%22%93}&#8221;][et_pb_row _builder_version=&#8221;4.23.3&#8243; _module_preset=&#8221;7e89c3ef-4430-43e8-9a86-b7e67b1c0328&#8243; custom_margin_tablet=&#8221;80px|0px|80px|0px|false|false&#8221; custom_margin_phone=&#8221;34px|0px|34px|0px|false|false&#8221; custom_margin_last_edited=&#8221;off|desktop&#8221; global_colors_info=&#8221;{}&#8221;][et_pb_column type=&#8221;4_4&#8243; _builder_version=&#8221;4.21.0&#8243; _module_preset=&#8221;default&#8221; global_colors_info=&#8221;{}&#8221;][et_pb_text admin_label=&#8221;Page Title&#8221; _builder_version=&#8221;4.21.0&#8243; _dynamic_attributes=&#8221;content&#8221; _module_preset=&#8221;9e113369-ad1e-40c4-ba45-444bbbb0f023&#8243; text_font=&#8221;||||||||&#8221; header_2_font=&#8221;Brown-Bold||||||||&#8221; locked=&#8221;off&#8221; global_colors_info=&#8221;{}&#8221;]@ET-DC@eyJkeW5hbWljIjp0cnVlLCJjb250ZW50IjoicG9zdF90aXRsZSIsInNldHRpbmdzIjp7ImJlZm9yZSI6IjxoMT4iLCJhZnRlciI6IjwvaDE+IiwiZW5hYmxlX2h0bWwiOiJvZmYifX0=@[\/et_pb_text][\/et_pb_column][\/et_pb_row][\/et_pb_section][et_pb_section fb_built=&#8221;1&#8243; _builder_version=&#8221;4.20.4&#8243; _module_preset=&#8221;52fda7c2-6e78-4729-9063-2c7e78a019b3&#8243; scroll_fade=&#8221;0|50|50|100|100%|100|0%&#8221; motion_trigger_start=&#8221;bottom&#8221; collapsed=&#8221;off&#8221; global_colors_info=&#8221;{}&#8221;][et_pb_row column_structure=&#8221;1_3,2_3&#8243; _builder_version=&#8221;4.20.4&#8243; _module_preset=&#8221;default&#8221; width_tablet=&#8221;100%&#8221; width_phone=&#8221;100%&#8221; width_last_edited=&#8221;on|tablet&#8221; global_colors_info=&#8221;{}&#8221;][et_pb_column type=&#8221;1_3&#8243; _builder_version=&#8221;4.18.1&#8243; _module_preset=&#8221;default&#8221; global_colors_info=&#8221;{}&#8221;][et_pb_text admin_label=&#8221;Pour toutes vos questions relatives \u00e0 nos produits et services&#8221; _builder_version=&#8221;4.24.2&#8243; _module_preset=&#8221;default&#8221; text_letter_spacing=&#8221;-0.01em&#8221; custom_margin=&#8221;||60px||false|false&#8221; custom_margin_tablet=&#8221;0px||0px||false|false&#8221; custom_margin_phone=&#8221;0px||0px||false|false&#8221; custom_margin_last_edited=&#8221;on|tablet&#8221; global_colors_info=&#8221;{}&#8221;]<\/p>\n<p>Pour toutes questions relatives \u00e0 nos produits et services, remplissez le formulaire ou contactez-nous par courriel ou par t\u00e9l\u00e9phone au num\u00e9ro sans frais<strong><em>.<\/em><\/strong><\/p>\n<p>[\/et_pb_text][et_pb_text admin_label=&#8221;Toll free&#8221; _builder_version=&#8221;4.24.2&#8243; _module_preset=&#8221;f423a784-ee13-4b7f-b84f-29c6ee0a03ba&#8221; text_font_size=&#8221;37px&#8221; text_letter_spacing=&#8221;-0.01em&#8221; text_line_height=&#8221;1.1em&#8221; custom_margin=&#8221;||30px||false|false&#8221; text_font_size_tablet=&#8221;37px&#8221; text_font_size_phone=&#8221;31px&#8221; text_font_size_last_edited=&#8221;on|phone&#8221; global_colors_info=&#8221;{%22gcid-97f46b3a-9f6c-4d5b-9360-187355157c41%22:%91%22header_2_text_color%22,%22link_text_color__hover%22%93}&#8221; locked=&#8221;off&#8221;]1 877 320-8006[\/et_pb_text][et_pb_text admin_label=&#8221;info@exceldor.com&#8221; _builder_version=&#8221;4.24.2&#8243; _module_preset=&#8221;f423a784-ee13-4b7f-b84f-29c6ee0a03ba&#8221; text_font_size=&#8221;37px&#8221; text_letter_spacing=&#8221;-0.01em&#8221; text_line_height=&#8221;1.1em&#8221; custom_margin=&#8221;||30px||false|false&#8221; text_font_size_tablet=&#8221;37px&#8221; text_font_size_phone=&#8221;31px&#8221; text_font_size_last_edited=&#8221;on|phone&#8221; global_colors_info=&#8221;{%22gcid-97f46b3a-9f6c-4d5b-9360-187355157c41%22:%91%22header_2_text_color%22,%22link_text_color__hover%22%93}&#8221; locked=&#8221;off&#8221;]<a href=\"mailto:info@exceldor.com\" title=\"Info@exceldor.com\">info@exceldor.com<\/a>[\/et_pb_text][\/et_pb_column][et_pb_column type=&#8221;2_3&#8243; _builder_version=&#8221;4.18.1&#8243; _module_preset=&#8221;default&#8221; global_colors_info=&#8221;{}&#8221;][et_pb_text admin_label=&#8221;Contact Form&#8221; _builder_version=&#8221;4.23&#8243; _module_preset=&#8221;default&#8221; header_2_text_align=&#8221;center&#8221; header_2_text_color=&#8221;#000000&#8243; header_2_font_size=&#8221;50px&#8221; header_2_letter_spacing=&#8221;0px&#8221; header_2_font_size_tablet=&#8221;50px&#8221; header_2_font_size_phone=&#8221;35px&#8221; header_2_font_size_last_edited=&#8221;on|phone&#8221; global_colors_info=&#8221;{}&#8221;]<\/p>\n<div class=\"frm_forms  with_frm_style frm_inline_form frm_style_formidable-style-2\" id=\"frm_form_1_container\" data-token=\"db86dcf5da03ff58532d44a65dee852b\">\n<form enctype=\"multipart\/form-data\" method=\"post\" class=\"frm-show-form  frm_js_validate  frm_ajax_submit  frm_pro_form \" id=\"form_contact-form\" data-token=\"db86dcf5da03ff58532d44a65dee852b\">\n<div class=\"frm_form_fields \">\n<fieldset>\n<legend class=\"frm_screen_reader\">Contactez-nous<\/legend>\r\n\r\n<div class=\"frm_fields_container\">\n<input type=\"hidden\" name=\"frm_action\" value=\"create\" \/>\n<input type=\"hidden\" name=\"form_id\" value=\"1\" \/>\n<input type=\"hidden\" name=\"frm_hide_fields_1\" id=\"frm_hide_fields_1\" value=\"\" \/>\n<input type=\"hidden\" name=\"form_key\" value=\"contact-form\" \/>\n<input type=\"hidden\" name=\"item_meta[0]\" value=\"\" \/>\n<input type=\"hidden\" id=\"frm_submit_entry_1\" name=\"frm_submit_entry_1\" value=\"f5a2df3657\" \/><input type=\"hidden\" name=\"_wp_http_referer\" value=\"\/chicken\/fr\/wp-json\/wp\/v2\/pages\/21258198\" \/>\t\t<input  type=\"hidden\" name=\"item_meta[46]\" id=\"field_5phz2\" value=\"fr\"  data-frmval=\"fr\"   \/>\n\t\t<div id=\"frm_field_1_container\" class=\"frm_form_field form-field  frm_required_field frm_inside_container frm_half\">\r\n    <label for=\"field_qh4icy\" id=\"field_qh4icy_label\" class=\"frm_primary_label\">Pr\u00e9nom\r\n        <span class=\"frm_required\" aria-hidden=\"true\">*<\/span>\r\n    <\/label>\r\n    <input  type=\"text\" id=\"field_qh4icy\" name=\"item_meta[1]\" value=\"\"  data-reqmsg=\"Ce champ ne peut \u00eatre vide.\" aria-required=\"true\" data-invmsg=\"Pr\u00e9nom est invalide\" aria-invalid=\"false\"   \/>\r\n    \r\n    \r\n<\/div>\n<div id=\"frm_field_2_container\" class=\"frm_form_field form-field  frm_required_field frm_inside_container frm_half\">\r\n    <label for=\"field_ocfup1\" id=\"field_ocfup1_label\" class=\"frm_primary_label\">Nom\r\n        <span class=\"frm_required\" aria-hidden=\"true\">*<\/span>\r\n    <\/label>\r\n    <input  type=\"text\" id=\"field_ocfup1\" name=\"item_meta[2]\" value=\"\"  data-reqmsg=\"Ce champ ne peut \u00eatre vide.\" aria-required=\"true\" data-invmsg=\"Nom est invalide\" aria-invalid=\"false\"   \/>\r\n    \r\n    \r\n<\/div>\n<div id=\"frm_field_6_container\" class=\"frm_form_field form-field  frm_required_field frm_inside_container frm_half\">\r\n    <label for=\"field_56e0f\" id=\"field_56e0f_label\" class=\"frm_primary_label\">Adresse courriel\r\n        <span class=\"frm_required\" aria-hidden=\"true\">*<\/span>\r\n    <\/label>\r\n    <input type=\"email\" id=\"field_56e0f\" name=\"item_meta[6]\" value=\"\"  data-reqmsg=\"Ce champ ne peut \u00eatre vide.\" aria-required=\"true\" data-invmsg=\"Adresse courriel est non valide\" aria-invalid=\"false\"  \/>\r\n    \r\n    \r\n<\/div>\n<div id=\"frm_field_7_container\" class=\"frm_form_field form-field  frm_required_field frm_inside_container frm_half\">\r\n    <label for=\"field_jz3pn\" id=\"field_jz3pn_label\" class=\"frm_primary_label\">Nom de l'entreprise\r\n        <span class=\"frm_required\" aria-hidden=\"true\">*<\/span>\r\n    <\/label>\r\n    <input  type=\"text\" id=\"field_jz3pn\" name=\"item_meta[7]\" value=\"\"  data-reqmsg=\"Ce champ ne peut \u00eatre vide.\" aria-required=\"true\" data-invmsg=\"Nom est invalide\" aria-invalid=\"false\"   \/>\r\n    \r\n    \r\n<\/div>\n<div id=\"frm_field_8_container\" class=\"frm_form_field form-field  frm_inside_container frm_half\">\r\n    <label for=\"field_3lxfv\" id=\"field_3lxfv_label\" class=\"frm_primary_label\">Distributeur (facultatif)\r\n        <span class=\"frm_required\" aria-hidden=\"true\"><\/span>\r\n    <\/label>\r\n    <input  type=\"text\" id=\"field_3lxfv\" name=\"item_meta[8]\" value=\"\"  data-invmsg=\"Nom est invalide\" aria-invalid=\"false\"   \/>\r\n    \r\n    \r\n<\/div>\n<div id=\"frm_field_4_container\" class=\"frm_form_field form-field  frm_required_field frm_inside_container frm_half\">\r\n    <label for=\"field_e6lis6\" id=\"field_e6lis6_label\" class=\"frm_primary_label\">Sujet\r\n        <span class=\"frm_required\" aria-hidden=\"true\">*<\/span>\r\n    <\/label>\r\n    <input  type=\"text\" id=\"field_e6lis6\" name=\"item_meta[4]\" value=\"\"  data-reqmsg=\"Ce champ ne peut \u00eatre vide.\" aria-required=\"true\" data-invmsg=\"Sujet est non valide\" aria-invalid=\"false\"   \/>\r\n    \r\n    \r\n<\/div>\n<div id=\"frm_field_44_container\" class=\"frm_form_field form-field  frm_hidden_container frm12\">\r\n    <label for=\"field_6k5ax\" id=\"field_6k5ax_label\" class=\"frm_primary_label\">Marque\r\n        <span class=\"frm_required\" aria-hidden=\"true\"><\/span>\r\n    <\/label>\r\n    \t\t<select name=\"item_meta[44]\" id=\"field_6k5ax\"  data-frmval=\"Select brand\" data-invmsg=\"Marque est non valide\" aria-invalid=\"false\"  >\n\t\t<option  value=\"Select brand\" selected='selected'>S\u00e9lectionnez la marque<\/option><option  value=\"Exceldor\">Exceldor<\/option><option  value=\"Readyfoods\">Readyfoods<\/option><option  value=\"Granny&#039;s\">Granny&#039;s<\/option>\t<\/select>\n\t\r\n    \r\n    \r\n<\/div>\n<div id=\"frm_field_5_container\" class=\"frm_form_field form-field  frm_required_field frm_inside_container frm_full\">\r\n    <label for=\"field_9jv0r1\" id=\"field_9jv0r1_label\" class=\"frm_primary_label\">Message\r\n        <span class=\"frm_required\" aria-hidden=\"true\">*<\/span>\r\n    <\/label>\r\n    <textarea name=\"item_meta[5]\" id=\"field_9jv0r1\" rows=\"5\"  data-reqmsg=\"Ce champ ne peut \u00eatre vide.\" aria-required=\"true\" data-invmsg=\"Message est non valide\" aria-invalid=\"false\"  ><\/textarea>\r\n    \r\n    \r\n<\/div>\n<div id=\"frm_field_45_container\" class=\"frm_form_field  frm_third frm_html_container form-field\">\n<p>*Champs obligatoires<\/p>\n<\/div>\n<div id=\"frm_field_49_container\" class=\"frm_form_field form-field  frm_none_container frm_third\">\r\n    <label for=\"g-recaptcha-response\" id=\"field_99kpt_label\" class=\"frm_primary_label\">Captcha\r\n        <span class=\"frm_required\" aria-hidden=\"true\"><\/span>\r\n    <\/label>\r\n    <div  id=\"field_99kpt\" class=\"g-recaptcha\" data-sitekey=\"6LdPPlUqAAAAALteuqNqOgNonqlT-t6_uXaeF1BF\" data-size=\"normal\" data-theme=\"light\"><\/div>\r\n    \r\n    \r\n<\/div>\n<div id=\"frm_field_50_container\" class=\"frm_form_field form-field  b-submit frm_third\">\r\n\t<div class=\"frm_submit\">\r\n\r\n<button class=\"frm_button_submit frm_final_submit\" type=\"submit\"  formnovalidate=\"formnovalidate\">Soumettre<\/button>\r\n\r\n\r\n<\/div>\r\n<\/div>\n\t<input type=\"hidden\" name=\"item_key\" value=\"\" \/>\n\t\t\t<div id=\"frm_field_51_container\">\n\t\t\t<label for=\"field_e9s0g\" >\n\t\t\t\tSi vous \u00eates un humain, ne remplissez pas ce champ.\t\t\t<\/label>\n\t\t\t<input  id=\"field_e9s0g\" type=\"text\" class=\"frm_form_field form-field frm_verify\" name=\"item_meta[51]\" value=\"\"  \/>\n\t\t<\/div>\n\t\t<input name=\"frm_state\" type=\"hidden\" value=\"bNQxmvXt+5GA\/XDyQPR47m+hOWSybHTwzL5ar28emmKtVKuJLZxBt6qIFmISDnW0\" \/><\/div>\n<\/fieldset>\n<\/div>\n\n<\/form>\n<\/div>\n\n<p>[\/et_pb_text][\/et_pb_column][\/et_pb_row][\/et_pb_section]<\/p>\n","protected":false},"excerpt":{"rendered":"<p>Pour toutes questions relatives \u00e0 nos produits et services, remplissez le formulaire ou contactez-nous par courriel ou par t\u00e9l\u00e9phone au num\u00e9ro sans frais.1 877 320-8006info@exceldor.com<div class=\"frm_forms  with_frm_style frm_inline_form frm_style_formidable-style-2\" id=\"frm_form_1_container\" data-token=\"db86dcf5da03ff58532d44a65dee852b\" data-token=\"db86dcf5da03ff58532d44a65dee852b\">\n<form enctype=\"multipart\/form-data\" method=\"post\" class=\"frm-show-form  frm_js_validate  frm_ajax_submit  frm_pro_form \" id=\"form_contact-form\" data-token=\"db86dcf5da03ff58532d44a65dee852b\" data-token=\"db86dcf5da03ff58532d44a65dee852b\">\n<div class=\"frm_form_fields \">\n<fieldset>\n<legend class=\"frm_screen_reader\">Contactez-nous<\/legend>\r\n\r\n<div class=\"frm_fields_container\">\n<input type=\"hidden\" name=\"frm_action\" value=\"create\" \/>\n<input type=\"hidden\" name=\"form_id\" value=\"1\" \/>\n<input type=\"hidden\" name=\"frm_hide_fields_1\" id=\"frm_hide_fields_1\" value=\"\" \/>\n<input type=\"hidden\" name=\"form_key\" value=\"contact-form\" \/>\n<input type=\"hidden\" name=\"item_meta[0]\" value=\"\" \/>\n<input type=\"hidden\" id=\"frm_submit_entry_1\" name=\"frm_submit_entry_1\" value=\"f5a2df3657\" \/><input type=\"hidden\" name=\"_wp_http_referer\" value=\"\/chicken\/fr\/wp-json\/wp\/v2\/pages\/21258198\" \/>\t\t<input  type=\"hidden\" name=\"item_meta[46]\" id=\"field_5phz2\" value=\"fr\"  data-frmval=\"fr\"   \/>\n\t\t<div id=\"frm_field_1_container\" class=\"frm_form_field form-field  frm_required_field frm_inside_container frm_half\">\r\n    <label for=\"field_qh4icy\" id=\"field_qh4icy_label\" class=\"frm_primary_label\">Pr\u00e9nom\r\n        <span class=\"frm_required\" aria-hidden=\"true\">*<\/span>\r\n    <\/label>\r\n    <input  type=\"text\" id=\"field_qh4icy\" name=\"item_meta[1]\" value=\"\"  data-reqmsg=\"Ce champ ne peut \u00eatre vide.\" aria-required=\"true\" data-invmsg=\"Pr\u00e9nom est invalide\" aria-invalid=\"false\"   \/>\r\n    \r\n    \r\n<\/div>\n<div id=\"frm_field_2_container\" class=\"frm_form_field form-field  frm_required_field frm_inside_container frm_half\">\r\n    <label for=\"field_ocfup1\" id=\"field_ocfup1_label\" class=\"frm_primary_label\">Nom\r\n        <span class=\"frm_required\" aria-hidden=\"true\">*<\/span>\r\n    <\/label>\r\n    <input  type=\"text\" id=\"field_ocfup1\" name=\"item_meta[2]\" value=\"\"  data-reqmsg=\"Ce champ ne peut \u00eatre vide.\" aria-required=\"true\" data-invmsg=\"Nom est invalide\" aria-invalid=\"false\"   \/>\r\n    \r\n    \r\n<\/div>\n<div id=\"frm_field_6_container\" class=\"frm_form_field form-field  frm_required_field frm_inside_container frm_half\">\r\n    <label for=\"field_56e0f\" id=\"field_56e0f_label\" class=\"frm_primary_label\">Adresse courriel\r\n        <span class=\"frm_required\" aria-hidden=\"true\">*<\/span>\r\n    <\/label>\r\n    <input type=\"email\" id=\"field_56e0f\" name=\"item_meta[6]\" value=\"\"  data-reqmsg=\"Ce champ ne peut \u00eatre vide.\" aria-required=\"true\" data-invmsg=\"Adresse courriel est non valide\" aria-invalid=\"false\"  \/>\r\n    \r\n    \r\n<\/div>\n<div id=\"frm_field_7_container\" class=\"frm_form_field form-field  frm_required_field frm_inside_container frm_half\">\r\n    <label for=\"field_jz3pn\" id=\"field_jz3pn_label\" class=\"frm_primary_label\">Nom de l'entreprise\r\n        <span class=\"frm_required\" aria-hidden=\"true\">*<\/span>\r\n    <\/label>\r\n    <input  type=\"text\" id=\"field_jz3pn\" name=\"item_meta[7]\" value=\"\"  data-reqmsg=\"Ce champ ne peut \u00eatre vide.\" aria-required=\"true\" data-invmsg=\"Nom est invalide\" aria-invalid=\"false\"   \/>\r\n    \r\n    \r\n<\/div>\n<div id=\"frm_field_8_container\" class=\"frm_form_field form-field  frm_inside_container frm_half\">\r\n    <label for=\"field_3lxfv\" id=\"field_3lxfv_label\" class=\"frm_primary_label\">Distributeur (facultatif)\r\n        <span class=\"frm_required\" aria-hidden=\"true\"><\/span>\r\n    <\/label>\r\n    <input  type=\"text\" id=\"field_3lxfv\" name=\"item_meta[8]\" value=\"\"  data-invmsg=\"Nom est invalide\" aria-invalid=\"false\"   \/>\r\n    \r\n    \r\n<\/div>\n<div id=\"frm_field_4_container\" class=\"frm_form_field form-field  frm_required_field frm_inside_container frm_half\">\r\n    <label for=\"field_e6lis6\" id=\"field_e6lis6_label\" class=\"frm_primary_label\">Sujet\r\n        <span class=\"frm_required\" aria-hidden=\"true\">*<\/span>\r\n    <\/label>\r\n    <input  type=\"text\" id=\"field_e6lis6\" name=\"item_meta[4]\" value=\"\"  data-reqmsg=\"Ce champ ne peut \u00eatre vide.\" aria-required=\"true\" data-invmsg=\"Sujet est non valide\" aria-invalid=\"false\"   \/>\r\n    \r\n    \r\n<\/div>\n<div id=\"frm_field_44_container\" class=\"frm_form_field form-field  frm_hidden_container frm12\">\r\n    <label for=\"field_6k5ax\" id=\"field_6k5ax_label\" class=\"frm_primary_label\">Marque\r\n        <span class=\"frm_required\" aria-hidden=\"true\"><\/span>\r\n    <\/label>\r\n    \t\t<select name=\"item_meta[44]\" id=\"field_6k5ax\"  data-frmval=\"Select brand\" data-invmsg=\"Marque est non valide\" aria-invalid=\"false\"  >\n\t\t<option  value=\"Select brand\" selected='selected'>S\u00e9lectionnez la marque<\/option><option  value=\"Exceldor\">Exceldor<\/option><option  value=\"Readyfoods\">Readyfoods<\/option><option  value=\"Granny&#039;s\">Granny&#039;s<\/option>\t<\/select>\n\t\r\n    \r\n    \r\n<\/div>\n<div id=\"frm_field_5_container\" class=\"frm_form_field form-field  frm_required_field frm_inside_container frm_full\">\r\n    <label for=\"field_9jv0r1\" id=\"field_9jv0r1_label\" class=\"frm_primary_label\">Message\r\n        <span class=\"frm_required\" aria-hidden=\"true\">*<\/span>\r\n    <\/label>\r\n    <textarea name=\"item_meta[5]\" id=\"field_9jv0r1\" rows=\"5\"  data-reqmsg=\"Ce champ ne peut \u00eatre vide.\" aria-required=\"true\" data-invmsg=\"Message est non valide\" aria-invalid=\"false\"  ><\/textarea>\r\n    \r\n    \r\n<\/div>\n<div id=\"frm_field_45_container\" class=\"frm_form_field  frm_third frm_html_container form-field\">\n<p>*Champs obligatoires<\/p>\n<\/div>\n<div id=\"frm_field_49_container\" class=\"frm_form_field form-field  frm_none_container frm_third\">\r\n    <label for=\"g-recaptcha-response\" id=\"field_99kpt_label\" class=\"frm_primary_label\">Captcha\r\n        <span class=\"frm_required\" aria-hidden=\"true\"><\/span>\r\n    <\/label>\r\n    <div  id=\"field_99kpt\" class=\"g-recaptcha\" data-sitekey=\"6LdPPlUqAAAAALteuqNqOgNonqlT-t6_uXaeF1BF\" data-size=\"normal\" data-theme=\"light\"><\/div>\r\n    \r\n    \r\n<\/div>\n<div id=\"frm_field_50_container\" class=\"frm_form_field form-field  b-submit frm_third\">\r\n\t<div class=\"frm_submit\">\r\n\r\n<button class=\"frm_button_submit frm_final_submit\" type=\"submit\"  formnovalidate=\"formnovalidate\">Soumettre<\/button>\r\n\r\n\r\n<\/div>\r\n<\/div>\n\t<input type=\"hidden\" name=\"item_key\" value=\"\" \/>\n\t\t\t<div id=\"frm_field_52_container\">\n\t\t\t<label for=\"field_lsaou\" >\n\t\t\t\tSi vous \u00eates un humain, ne remplissez pas ce champ.\t\t\t<\/label>\n\t\t\t<input  id=\"field_lsaou\" type=\"text\" class=\"frm_form_field form-field frm_verify\" name=\"item_meta[52]\" value=\"\"  \/>\n\t\t<\/div>\n\t\t<input name=\"frm_state\" type=\"hidden\" value=\"bNQxmvXt+5GA\/XDyQPR47m+hOWSybHTwzL5ar28emmJbfqYfOd8AXE9xFglR3pEK\" \/><\/div>\n<\/fieldset>\n<\/div>\n\n<\/form>\n<\/div>\n<\/p>\n","protected":false},"author":1,"featured_media":21257850,"parent":0,"menu_order":0,"comment_status":"closed","ping_status":"closed","template":"","meta":{"_acf_changed":false,"_et_pb_use_builder":"on","_et_pb_old_content":"","_et_gb_content_width":"","footnotes":""},"class_list":["post-21258198","page","type-page","status-publish","has-post-thumbnail","hentry"],"acf":[],"_links":{"self":[{"href":"https:\/\/foodservice.exceldorcooperative.com\/chicken\/fr\/wp-json\/wp\/v2\/pages\/21258198","targetHints":{"allow":["GET"]}}],"collection":[{"href":"https:\/\/foodservice.exceldorcooperative.com\/chicken\/fr\/wp-json\/wp\/v2\/pages"}],"about":[{"href":"https:\/\/foodservice.exceldorcooperative.com\/chicken\/fr\/wp-json\/wp\/v2\/types\/page"}],"author":[{"embeddable":true,"href":"https:\/\/foodservice.exceldorcooperative.com\/chicken\/fr\/wp-json\/wp\/v2\/users\/1"}],"replies":[{"embeddable":true,"href":"https:\/\/foodservice.exceldorcooperative.com\/chicken\/fr\/wp-json\/wp\/v2\/comments?post=21258198"}],"version-history":[{"count":0,"href":"https:\/\/foodservice.exceldorcooperative.com\/chicken\/fr\/wp-json\/wp\/v2\/pages\/21258198\/revisions"}],"wp:featuredmedia":[{"embeddable":true,"href":"https:\/\/foodservice.exceldorcooperative.com\/chicken\/fr\/wp-json\/wp\/v2\/media\/21257850"}],"wp:attachment":[{"href":"https:\/\/foodservice.exceldorcooperative.com\/chicken\/fr\/wp-json\/wp\/v2\/media?parent=21258198"}],"curies":[{"name":"wp","href":"https:\/\/api.w.org\/{rel}","templated":true}]}}